{"id":8497,"date":"2024-02-05T20:03:40","date_gmt":"2024-02-05T20:03:40","guid":{"rendered":"https:\/\/paradiseplantsberlin.de\/?page_id=8497"},"modified":"2024-11-04T06:44:07","modified_gmt":"2024-11-04T06:44:07","slug":"quality","status":"publish","type":"page","link":"https:\/\/paradiseplantsberlin.de\/de\/quality\/","title":{"rendered":"UNSERE LEISTUNGEN"},"content":{"rendered":"<div data-elementor-type=\"wp-page\" data-elementor-id=\"8497\" class=\"elementor elementor-8497\" data-elementor-post-type=\"page\">\n\t\t\t\t<div class=\"elementor-element elementor-element-1e725828 e-flex e-con-boxed e-con e-parent\" data-id=\"1e725828\" data-element_type=\"container\" data-settings=\"{&quot;content_width&quot;:&quot;boxed&quot;}\" data-core-v316-plus=\"true\">\n\t\t\t\t\t<div class=\"e-con-inner\">\n\t\t<div class=\"elementor-element elementor-element-5e3c6d3d e-con-full e-flex e-con e-child\" data-id=\"5e3c6d3d\" data-element_type=\"container\" data-settings=\"{&quot;content_width&quot;:&quot;full&quot;}\">\n\t\t\t\t<div class=\"elementor-element elementor-element-75c25418 elementor-widget elementor-widget-wd_text_block\" data-id=\"75c25418\" data-element_type=\"widget\" data-widget_type=\"wd_text_block.default\">\n\t\t\t\t<div class=\"elementor-widget-container\">\n\t\t\t\t\t\t<link rel=\"stylesheet\" id=\"wd-text-block-css\" href=\"https:\/\/paradiseplantsberlin.de\/wp-content\/themes\/woodmart\/css\/parts\/el-text-block.min.css?ver=7.0.4\" type=\"text\/css\" media=\"all\" \/> \t\t\t\t\t<div class=\"wd-text-block reset-last-child text-left\">\n\t\t\t\n\t\t\t<h2 class=\"post-modern-title\">QUALIT\u00c4T<\/h2>\n<p><span style=\"font-family: Lato, -apple-system, BlinkMacSystemFont, 'Segoe UI', Roboto, 'Helvetica Neue', Arial, sans-serif; font-size: 15px; font-style: normal; font-variant-ligatures: normal; font-variant-caps: normal; font-weight: 400; letter-spacing: 0.75px; white-space-collapse: collapse;\">Aus unserem Selbstverst\u00e4ndnis heraus verpflichten wir uns den Bed\u00fcrfnissen unseren Kunden von Beginn an. Um unsere Kunden mit ausgew\u00e4hlten Produkten h\u00f6chster Qualit\u00e4t zu beliefern, kooperieren wir mit profitablen Farmen. Das professionelle und engagierte Team der Paradise Plants Berlin GmbH und ihren Partnern ergreift effektive Ma\u00dfnahmen, um den Prozess der Produktvorbereitung Schritt f\u00fcr Schritt zu \u00fcberwachen. Unsere Experten sind bei jedem Prozessabschnitt von der jungen Pflanze \u00fcber Ernte, Auslese, Schnitt, zweifaches Sortieren, Lasersortieren, diverse Testphasen, bis hin zum individuellen Verpacken und der Vorbereitung des sicheren Transports an den Zielort mit dabei. Feuchtigkeitsgehalt, aktive Inhaltsstoffe, Aromen und Farben unserer Produkte entsprechen internationalen Standards. Wir \u00fcberzeugen unsere Kunden mit einer durchgehend zuverl\u00e4ssigen, hochwertigen Produktqualit\u00e4t und besten Kooperationserfahrungen. F\u00fcr uns steht die Qualit\u00e4t an erster Stelle \u2014 weshalb wir sie nicht dem Preisdruck opfern.<\/span><\/p>\n\t\t\t\t\t<\/div>\n\t\t\t\t<\/div>\n\t\t\t\t<\/div>\n\t\t\t\t<\/div>\n\t\t<div class=\"elementor-element elementor-element-2f372318 e-con-full e-flex e-con e-child\" data-id=\"2f372318\" data-element_type=\"container\" data-settings=\"{&quot;content_width&quot;:&quot;full&quot;}\">\n\t\t\t\t<div class=\"elementor-element elementor-element-4f743984 elementor-widget__width-initial elementor-widget elementor-widget-wd_image_or_svg\" data-id=\"4f743984\" data-element_type=\"widget\" data-widget_type=\"wd_image_or_svg.default\">\n\t\t\t\t<div class=\"elementor-widget-container\">\n\t\t\t\n\t\t<div class=\"wd-image text-left\">\n\t\t\t\t\t\t\t\t<img fetchpriority=\"high\" decoding=\"async\" width=\"960\" height=\"923\" src=\"https:\/\/paradiseplantsberlin.de\/wp-content\/uploads\/2024\/02\/1625054419_10.jpg\" class=\"attachment-full size-full wp-image-8686\" alt=\"QUALITY\" srcset=\"https:\/\/paradiseplantsberlin.de\/wp-content\/uploads\/2024\/02\/1625054419_10.jpg 960w, https:\/\/paradiseplantsberlin.de\/wp-content\/uploads\/2024\/02\/1625054419_10-312x300.jpg 312w, https:\/\/paradiseplantsberlin.de\/wp-content\/uploads\/2024\/02\/1625054419_10-832x800.jpg 832w, https:\/\/paradiseplantsberlin.de\/wp-content\/uploads\/2024\/02\/1625054419_10-768x738.jpg 768w\" sizes=\"(max-width: 960px) 100vw, 960px\" \/>\t\t\t\t\t<\/div>\n\n\t\t\t\t<\/div>\n\t\t\t\t<\/div>\n\t\t\t\t<\/div>\n\t\t\t\t\t<\/div>\n\t\t\t\t<\/div>\n\t\t<div class=\"elementor-element elementor-element-1e1182e9 e-flex e-con-boxed e-con e-parent\" data-id=\"1e1182e9\" data-element_type=\"container\" data-settings=\"{&quot;content_width&quot;:&quot;boxed&quot;}\" data-core-v316-plus=\"true\">\n\t\t\t\t\t<div class=\"e-con-inner\">\n\t\t<div class=\"elementor-element elementor-element-7b53fd27 e-con-full e-flex e-con e-child\" data-id=\"7b53fd27\" data-element_type=\"container\" data-settings=\"{&quot;content_width&quot;:&quot;full&quot;}\">\n\t\t\t\t<div class=\"elementor-element elementor-element-67e6f232 elementor-widget elementor-widget-wd_image_or_svg\" data-id=\"67e6f232\" data-element_type=\"widget\" data-widget_type=\"wd_image_or_svg.default\">\n\t\t\t\t<div class=\"elementor-widget-container\">\n\t\t\t\n\t\t<div class=\"wd-image text-left\">\n\t\t\t\t\t\t\t\t<img decoding=\"async\" width=\"1080\" height=\"804\" src=\"https:\/\/paradiseplantsberlin.de\/wp-content\/uploads\/2024\/02\/1608198690_37.jpg\" class=\"attachment-full size-full wp-image-8694\" alt=\"QUALITY GOALS AT PARADISE PLANTS BERLIN GMBH\" srcset=\"https:\/\/paradiseplantsberlin.de\/wp-content\/uploads\/2024\/02\/1608198690_37.jpg 1080w, https:\/\/paradiseplantsberlin.de\/wp-content\/uploads\/2024\/02\/1608198690_37-400x298.jpg 400w, https:\/\/paradiseplantsberlin.de\/wp-content\/uploads\/2024\/02\/1608198690_37-1075x800.jpg 1075w, https:\/\/paradiseplantsberlin.de\/wp-content\/uploads\/2024\/02\/1608198690_37-768x572.jpg 768w\" sizes=\"(max-width: 1080px) 100vw, 1080px\" \/>\t\t\t\t\t<\/div>\n\n\t\t\t\t<\/div>\n\t\t\t\t<\/div>\n\t\t\t\t<\/div>\n\t\t<div class=\"elementor-element elementor-element-5491c1fc e-con-full e-flex e-con e-child\" data-id=\"5491c1fc\" data-element_type=\"container\" data-settings=\"{&quot;content_width&quot;:&quot;full&quot;}\">\n\t\t\t\t<div class=\"elementor-element elementor-element-4dccd735 elementor-widget elementor-widget-wd_text_block\" data-id=\"4dccd735\" data-element_type=\"widget\" data-widget_type=\"wd_text_block.default\">\n\t\t\t\t<div class=\"elementor-widget-container\">\n\t\t\t\t\t<div class=\"wd-text-block reset-last-child text-left\">\n\t\t\t\n\t\t\t<h3 class=\"post-modern-title\" style=\"margin-bottom: 0px; font-weight: 500; line-height: 1.33333; font-size: 36px; font-family: Poppins, -apple-system, BlinkMacSystemFont, 'Segoe UI', Roboto, 'Helvetica Neue', Arial, sans-serif; letter-spacing: 0.05em; text-transform: none; color: #151515; max-width: 80%; font-style: normal; font-variant-ligatures: normal; font-variant-caps: normal; white-space-collapse: collapse;\">QUALIT\u00c4TSZIELE DER PARADISE PLANTS BERLIN GMBH<\/h3><p><br \/><span style=\"font-family: Lato, -apple-system, BlinkMacSystemFont, 'Segoe UI', Roboto, 'Helvetica Neue', Arial, sans-serif; font-size: 15px; font-style: normal; font-variant-ligatures: normal; font-variant-caps: normal; font-weight: 400; letter-spacing: 0.75px; white-space-collapse: collapse;\">Unser wichtigstes Ziel ist es, die Qualit\u00e4t unserer Rohwaren durch regelm\u00e4\u00dfige Kontrollen kontinuierlich, transparent und verl\u00e4sslich sicherzustellen. Um dieses Ziel zu erreichen, setzen wir auf Konformit\u00e4t mit externen und internen Standards und Prozeduren. So k\u00f6nnen wir auch die R\u00fcckverfolgbarkeit garantieren. Wir stellen unseren Kunden objektive Nachweise zur Verf\u00fcgung und bieten die Basis f\u00fcr gegenseitiges Vertrauen. Mittels Einsatz verschiedener Strategien f\u00fcr Qualit\u00e4tsmanagement, Qualit\u00e4tskontrolle und Qualit\u00e4tssicherung unserer Produkte, Services und Projekte setzen wir alles daran, eine M\u00f6glichkeit anzubieten, die Effizienz und Effektivit\u00e4t des Qualit\u00e4tsmanagementsystems nachzuvollziehen. \nDiese drei Etappen durchl\u00e4uft unsere Rohware von der Produktion bis zum Versand: <\/span><\/p>\n\t\t\t\t\t<\/div>\n\t\t\t\t<\/div>\n\t\t\t\t<\/div>\n\t\t\t\t<\/div>\n\t\t\t\t\t<\/div>\n\t\t\t\t<\/div>\n\t\t<div class=\"elementor-element elementor-element-537efa9 e-flex e-con-boxed e-con e-parent\" data-id=\"537efa9\" data-element_type=\"container\" data-settings=\"{&quot;content_width&quot;:&quot;boxed&quot;}\" data-core-v316-plus=\"true\">\n\t\t\t\t\t<div class=\"e-con-inner\">\n\t\t<div class=\"elementor-element elementor-element-1590c192 e-con-full e-flex e-con e-child\" data-id=\"1590c192\" data-element_type=\"container\" data-settings=\"{&quot;content_width&quot;:&quot;full&quot;}\">\n\t\t\t\t<div class=\"elementor-element elementor-element-6c981932 elementor-widget elementor-widget-wd_text_block\" data-id=\"6c981932\" data-element_type=\"widget\" data-widget_type=\"wd_text_block.default\">\n\t\t\t\t<div class=\"elementor-widget-container\">\n\t\t\t\t\t<div class=\"wd-text-block reset-last-child text-left\">\n\t\t\t\n\t\t\t<h3 class=\"post-modern-title\" style=\"margin-bottom: 0px; font-weight: 500; line-height: 1.33333; font-size: 36px; font-family: Poppins, -apple-system, BlinkMacSystemFont, 'Segoe UI', Roboto, 'Helvetica Neue', Arial, sans-serif; letter-spacing: 0.05em; text-transform: none; color: #151515; max-width: 80%; font-style: normal; font-variant-ligatures: normal; font-variant-caps: normal; white-space-collapse: collapse;\">EINKAUF<\/h3><p><br \/><span style=\"font-family: Lato, -apple-system, BlinkMacSystemFont, 'Segoe UI', Roboto, 'Helvetica Neue', Arial, sans-serif; font-size: 15px; font-style: normal; font-variant-ligatures: normal; font-variant-caps: normal; font-weight: 400; letter-spacing: 0.75px; white-space-collapse: collapse;\">Unser Bestand, Rohwaren nach h\u00f6chsten Qualit\u00e4tsstandards, wird \u00fcber die eigenen landwirtschaftlichen Betriebe unseres transnationalen Unternehmens oder \u00fcber den Vertragsanbau bereitgestellt. Alle Produkte von Paradise Plants Berlin erf\u00fcllen die geltenden gesetzlichen Anforderungen in Hinblick auf Zusammensetzung, Qualit\u00e4t und Kennzeichnung. Sie entsprechen den Auflagen von drei international anerkannten Qualit\u00e4tsmanagementsystemen, n\u00e4mlich ISO 9001, HACCP (Lebensmittel-Hygieneverordnung) and Halal. Unsere fachkundigen Agraringenieure \u00fcberwachen kontinuierlich alle Stadien des Anbaus und der Ernte.<\/span><\/p>\n\t\t\t\t\t<\/div>\n\t\t\t\t<\/div>\n\t\t\t\t<\/div>\n\t\t\t\t<\/div>\n\t\t<div class=\"elementor-element elementor-element-3ca7409e e-con-full e-flex e-con e-child\" data-id=\"3ca7409e\" data-element_type=\"container\" data-settings=\"{&quot;content_width&quot;:&quot;full&quot;}\">\n\t\t\t\t<div class=\"elementor-element elementor-element-6f160a0d elementor-widget__width-initial elementor-widget elementor-widget-wd_image_or_svg\" data-id=\"6f160a0d\" data-element_type=\"widget\" data-widget_type=\"wd_image_or_svg.default\">\n\t\t\t\t<div class=\"elementor-widget-container\">\n\t\t\t\n\t\t<div class=\"wd-image text-left\">\n\t\t\t\t\t\t\t\t<img decoding=\"async\" width=\"810\" height=\"407\" src=\"https:\/\/paradiseplantsberlin.de\/wp-content\/uploads\/2024\/02\/1608363953_98.png\" class=\"attachment-full size-full wp-image-8702\" alt=\"\" srcset=\"https:\/\/paradiseplantsberlin.de\/wp-content\/uploads\/2024\/02\/1608363953_98.png 810w, https:\/\/paradiseplantsberlin.de\/wp-content\/uploads\/2024\/02\/1608363953_98-400x201.png 400w, https:\/\/paradiseplantsberlin.de\/wp-content\/uploads\/2024\/02\/1608363953_98-768x386.png 768w\" sizes=\"(max-width: 810px) 100vw, 810px\" \/>\t\t\t\t\t<\/div>\n\n\t\t\t\t<\/div>\n\t\t\t\t<\/div>\n\t\t\t\t<\/div>\n\t\t\t\t\t<\/div>\n\t\t\t\t<\/div>\n\t\t<div class=\"elementor-element elementor-element-b7c88d3 e-flex e-con-boxed e-con e-parent\" data-id=\"b7c88d3\" data-element_type=\"container\" data-settings=\"{&quot;content_width&quot;:&quot;boxed&quot;}\" data-core-v316-plus=\"true\">\n\t\t\t\t\t<div class=\"e-con-inner\">\n\t\t<div class=\"elementor-element elementor-element-1cbf4964 e-con-full e-flex e-con e-child\" data-id=\"1cbf4964\" data-element_type=\"container\" data-settings=\"{&quot;content_width&quot;:&quot;full&quot;}\">\n\t\t\t\t<div class=\"elementor-element elementor-element-5be0c2e elementor-widget elementor-widget-wd_image_or_svg\" data-id=\"5be0c2e\" data-element_type=\"widget\" data-widget_type=\"wd_image_or_svg.default\">\n\t\t\t\t<div class=\"elementor-widget-container\">\n\t\t\t\n\t\t<div class=\"wd-image text-left\">\n\t\t\t\t\t\t\t\t<img loading=\"lazy\" decoding=\"async\" width=\"1200\" height=\"1600\" src=\"https:\/\/paradiseplantsberlin.de\/wp-content\/uploads\/2024\/11\/WhatsApp-Image-2024-11-03-at-14.24.18.jpeg\" class=\"attachment-full size-full wp-image-9359\" alt=\"PREPARATION PROCESS\" srcset=\"https:\/\/paradiseplantsberlin.de\/wp-content\/uploads\/2024\/11\/WhatsApp-Image-2024-11-03-at-14.24.18.jpeg 1200w, https:\/\/paradiseplantsberlin.de\/wp-content\/uploads\/2024\/11\/WhatsApp-Image-2024-11-03-at-14.24.18-225x300.jpeg 225w, https:\/\/paradiseplantsberlin.de\/wp-content\/uploads\/2024\/11\/WhatsApp-Image-2024-11-03-at-14.24.18-600x800.jpeg 600w, https:\/\/paradiseplantsberlin.de\/wp-content\/uploads\/2024\/11\/WhatsApp-Image-2024-11-03-at-14.24.18-768x1024.jpeg 768w, https:\/\/paradiseplantsberlin.de\/wp-content\/uploads\/2024\/11\/WhatsApp-Image-2024-11-03-at-14.24.18-1152x1536.jpeg 1152w, https:\/\/paradiseplantsberlin.de\/wp-content\/uploads\/2024\/11\/WhatsApp-Image-2024-11-03-at-14.24.18-9x12.jpeg 9w\" sizes=\"(max-width: 1200px) 100vw, 1200px\" \/>\t\t\t\t\t<\/div>\n\n\t\t\t\t<\/div>\n\t\t\t\t<\/div>\n\t\t\t\t<\/div>\n\t\t<div class=\"elementor-element elementor-element-2a25fc51 e-con-full e-flex e-con e-child\" data-id=\"2a25fc51\" data-element_type=\"container\" data-settings=\"{&quot;content_width&quot;:&quot;full&quot;}\">\n\t\t\t\t<div class=\"elementor-element elementor-element-3ddee0b5 elementor-widget elementor-widget-wd_text_block\" data-id=\"3ddee0b5\" data-element_type=\"widget\" data-widget_type=\"wd_text_block.default\">\n\t\t\t\t<div class=\"elementor-widget-container\">\n\t\t\t\t\t<div class=\"wd-text-block reset-last-child text-left\">\n\t\t\t\n\t\t\t<h3 class=\"post-modern-title\" style=\"margin-bottom: 0px; font-weight: 500; line-height: 1.33333; font-size: 36px; font-family: Poppins, -apple-system, BlinkMacSystemFont, 'Segoe UI', Roboto, 'Helvetica Neue', Arial, sans-serif; letter-spacing: 0.05em; text-transform: none; color: #151515; max-width: 80%; font-style: normal; font-variant-ligatures: normal; font-variant-caps: normal; white-space-collapse: collapse;\">WARENEINGANGSKONTROLLE UND AUFBEREITUNGSVERFAHREN<\/h3><p><br \/><span style=\"font-family: Lato, -apple-system, BlinkMacSystemFont, 'Segoe UI', Roboto, 'Helvetica Neue', Arial, sans-serif; font-size: 15px; font-style: normal; font-variant-ligatures: normal; font-variant-caps: normal; font-weight: 400; letter-spacing: 0.75px; white-space-collapse: collapse;\">Rohwaren erreichen unsere Fabrik nur, wenn best\u00e4tigt ist, dass sie den geforderten Standards entsprechen. In unserem Labor werden die Produkte vor allem hinsichtlich ihrer mikrobiellen Eigenschaften und Pestizide \u00fcberpr\u00fcft. Wir garantieren eine mikrobiologische \u00dcberwachung sowie auch die sensorische Pr\u00fcfung von Farbe, Geschmack, Geruch und Erscheinungsbild. Jedes Produkt unserer Handelsware repr\u00e4sentiert somit eine sorgf\u00e4ltige Auswahl auch in Hinblick auf den Wirkstoffgehalt und mikrobische Charakteristika.\nIm ersten Schritt werden unsere Produkte zum Speicher f\u00fcr Rohmaterial gebracht. Dieser ist makellos sauber und hygienisch. Da wir mit Lebensmitteln zu tun haben, vermeiden wir jede Art von Verschmutzung und achten darauf, dass unsere Mitarbeiterinnen und Mitarbeiter die diesbez\u00fcglichen Vorschriften einhalten. Im zweiten Schritt werden die Erzeugnisse zum Sortierband gebracht, wo die mechanische Doppelsortierung, Farbsortierung, Querstromsichtung, das Sieben und schlie\u00dflich die Handverlesung durchgef\u00fchrt werden. Anzahl und Kombination der verschiedenen Sortierstadien k\u00f6nnen sich je nach Art des Erzeugnisses unterscheiden. In jedem Stadium erfolgt eine Qualit\u00e4tskontrolle. Nur jene Produkte, die unseren hohen Qualit\u00e4tsanspr\u00fcchen gerecht werden, erreichen die n\u00e4chste Verarbeitungsstufe, die anderen werden zur\u00fcckgestuft. Im dritten Schritt werden unsere Produkte schlie\u00dflich gem\u00e4\u00df den Bed\u00fcrfnissen unserer Kunden verpackt. <\/span><\/p>\n\t\t\t\t\t<\/div>\n\t\t\t\t<\/div>\n\t\t\t\t<\/div>\n\t\t\t\t<\/div>\n\t\t\t\t\t<\/div>\n\t\t\t\t<\/div>\n\t\t<div class=\"elementor-element elementor-element-6609217a e-flex e-con-boxed e-con e-parent\" data-id=\"6609217a\" data-element_type=\"container\" data-settings=\"{&quot;content_width&quot;:&quot;boxed&quot;}\" data-core-v316-plus=\"true\">\n\t\t\t\t\t<div class=\"e-con-inner\">\n\t\t<div class=\"elementor-element elementor-element-9d162 e-con-full e-flex e-con e-child\" data-id=\"9d162\" data-element_type=\"container\" data-settings=\"{&quot;content_width&quot;:&quot;full&quot;}\">\n\t\t\t\t<div class=\"elementor-element elementor-element-7abc77c3 elementor-widget elementor-widget-wd_text_block\" data-id=\"7abc77c3\" data-element_type=\"widget\" data-widget_type=\"wd_text_block.default\">\n\t\t\t\t<div class=\"elementor-widget-container\">\n\t\t\t\t\t<div class=\"wd-text-block reset-last-child text-left\">\n\t\t\t\n\t\t\t<h3 style=\"margin-bottom: 0px; font-weight: 500; line-height: 1.33333; font-size: 36px; font-family: Poppins, -apple-system, BlinkMacSystemFont, 'Segoe UI', Roboto, 'Helvetica Neue', Arial, sans-serif; letter-spacing: 0.05em; text-transform: none; color: #151515; max-width: 80%; font-style: normal; font-variant-ligatures: normal; font-variant-caps: normal; white-space-collapse: collapse;\">TRANSPORT UND LIEFERUNG<\/h3><p><br \/><span style=\"font-family: Lato, -apple-system, BlinkMacSystemFont, 'Segoe UI', Roboto, 'Helvetica Neue', Arial, sans-serif; font-size: 15px; font-style: normal; font-variant-ligatures: normal; font-variant-caps: normal; font-weight: 400; letter-spacing: 0.75px; white-space-collapse: collapse;\">Die Paradise Plants Berlin GmbH erachtet die schnelle und zuverl\u00e4ssige Lieferung als Bestandteil ihres Auftrags in der Zusammenarbeit mit internationalen Unternehmen. Ob \u00fcber den Land-, Wasser- oder Luftweg, unsere Priorit\u00e4t ist stets, in Fragen des Versands den Anforderungen unserer Kunden voll zu entsprechen. Unsere weltweiten Kunden betreuen wir zuverl\u00e4ssig, nachhaltig und langfristig. So versichern wir uns ihrer Zufriedenheit. Ihnen Planungssicherheit zu gew\u00e4hrleisten ist unser oberstes Ziel in Bezug auf Transport und Lieferung unserer Produkte.<\/span><\/p>\n\t\t\t\t\t<\/div>\n\t\t\t\t<\/div>\n\t\t\t\t<\/div>\n\t\t\t\t<\/div>\n\t\t<div class=\"elementor-element elementor-element-16f539f6 e-con-full e-flex e-con e-child\" data-id=\"16f539f6\" data-element_type=\"container\" data-settings=\"{&quot;content_width&quot;:&quot;full&quot;}\">\n\t\t\t\t<div class=\"elementor-element elementor-element-21c938a7 elementor-widget__width-initial elementor-widget elementor-widget-wd_image_or_svg\" data-id=\"21c938a7\" data-element_type=\"widget\" data-widget_type=\"wd_image_or_svg.default\">\n\t\t\t\t<div class=\"elementor-widget-container\">\n\t\t\t\n\t\t<div class=\"wd-image text-left\">\n\t\t\t\t\t\t\t\t<img loading=\"lazy\" decoding=\"async\" width=\"743\" height=\"510\" src=\"https:\/\/paradiseplantsberlin.de\/wp-content\/uploads\/2024\/02\/1608466262_91.jpg\" class=\"attachment-full size-full wp-image-8715\" alt=\"\" srcset=\"https:\/\/paradiseplantsberlin.de\/wp-content\/uploads\/2024\/02\/1608466262_91.jpg 743w, https:\/\/paradiseplantsberlin.de\/wp-content\/uploads\/2024\/02\/1608466262_91-400x275.jpg 400w\" sizes=\"(max-width: 743px) 100vw, 743px\" \/>\t\t\t\t\t<\/div>\n\n\t\t\t\t<\/div>\n\t\t\t\t<\/div>\n\t\t\t\t<\/div>\n\t\t\t\t\t<\/div>\n\t\t\t\t<\/div>\n\t\t\t\t<\/div>","protected":false},"excerpt":{"rendered":"<p>QUALITY We are committed to our customers from the beginning. We carefully select the farms we partner with to ensure<\/p>","protected":false},"author":1,"featured_media":0,"parent":0,"menu_order":0,"comment_status":"closed","ping_status":"closed","template":"","meta":{"footnotes":""},"class_list":["post-8497","page","type-page","status-publish","hentry"],"_links":{"self":[{"href":"https:\/\/paradiseplantsberlin.de\/de\/wp-json\/wp\/v2\/pages\/8497","targetHints":{"allow":["GET"]}}],"collection":[{"href":"https:\/\/paradiseplantsberlin.de\/de\/wp-json\/wp\/v2\/pages"}],"about":[{"href":"https:\/\/paradiseplantsberlin.de\/de\/wp-json\/wp\/v2\/types\/page"}],"author":[{"embeddable":true,"href":"https:\/\/paradiseplantsberlin.de\/de\/wp-json\/wp\/v2\/users\/1"}],"replies":[{"embeddable":true,"href":"https:\/\/paradiseplantsberlin.de\/de\/wp-json\/wp\/v2\/comments?post=8497"}],"version-history":[{"count":38,"href":"https:\/\/paradiseplantsberlin.de\/de\/wp-json\/wp\/v2\/pages\/8497\/revisions"}],"predecessor-version":[{"id":9362,"href":"https:\/\/paradiseplantsberlin.de\/de\/wp-json\/wp\/v2\/pages\/8497\/revisions\/9362"}],"wp:attachment":[{"href":"https:\/\/paradiseplantsberlin.de\/de\/wp-json\/wp\/v2\/media?parent=8497"}],"curies":[{"name":"wp","href":"https:\/\/api.w.org\/{rel}","templated":true}]}}