{"id":8555,"date":"2024-02-06T18:43:10","date_gmt":"2024-02-06T18:43:10","guid":{"rendered":"https:\/\/paradiseplantsberlin.de\/?page_id=8555"},"modified":"2024-02-10T10:15:42","modified_gmt":"2024-02-10T10:15:42","slug":"why-paradise-plants-berlin-products","status":"publish","type":"page","link":"https:\/\/paradiseplantsberlin.de\/de\/why-paradise-plants-berlin-products\/","title":{"rendered":"WARUM PARADISE PLANTS BERLIN PRODUKTE?"},"content":{"rendered":"<div data-elementor-type=\"wp-page\" data-elementor-id=\"8555\" class=\"elementor elementor-8555\" data-elementor-post-type=\"page\">\n\t\t\t\t<div class=\"elementor-element elementor-element-a107ac3 e-flex e-con-boxed e-con e-parent\" data-id=\"a107ac3\" data-element_type=\"container\" data-settings=\"{&quot;content_width&quot;:&quot;boxed&quot;}\" data-core-v316-plus=\"true\">\n\t\t\t\t\t<div class=\"e-con-inner\">\n\t\t<div class=\"elementor-element elementor-element-2fc21e7 e-con-full e-flex e-con e-child\" data-id=\"2fc21e7\" data-element_type=\"container\" data-settings=\"{&quot;content_width&quot;:&quot;full&quot;}\">\n\t\t\t\t<div class=\"elementor-element elementor-element-9ee12ea elementor-widget elementor-widget-wd_text_block\" data-id=\"9ee12ea\" data-element_type=\"widget\" data-widget_type=\"wd_text_block.default\">\n\t\t\t\t<div class=\"elementor-widget-container\">\n\t\t\t\t\t\t<link rel=\"stylesheet\" id=\"wd-text-block-css\" href=\"https:\/\/paradiseplantsberlin.de\/wp-content\/themes\/woodmart\/css\/parts\/el-text-block.min.css?ver=7.0.4\" type=\"text\/css\" media=\"all\" \/> \t\t\t\t\t<div class=\"wd-text-block reset-last-child text-left\">\n\t\t\t\n\t\t\t<h3 class=\"post-modern-title\" style=\"margin-bottom: 0px; font-weight: 500; line-height: 1.33333; font-size: 36px; font-family: Poppins, -apple-system, BlinkMacSystemFont, 'Segoe UI', Roboto, 'Helvetica Neue', Arial, sans-serif; letter-spacing: 0.05em; text-transform: none; color: #151515; max-width: 80%; font-style: normal; font-variant-ligatures: normal; font-variant-caps: normal; white-space-collapse: collapse; text-align: left;\">AUS DEM HERZEN DER NATUR<\/h3><br>\n<span style=\"font-family: Lato, -apple-system, BlinkMacSystemFont, 'Segoe UI', Roboto, 'Helvetica Neue', Arial, sans-serif; font-size: 15px; font-style: normal; font-variant-ligatures: normal; font-variant-caps: normal; font-weight: 400; letter-spacing: 0.75px; white-space-collapse: collapse;\">Wir sammeln wild wachsende Produkte in den naturbelassenen weiten Ebenen und Vorgebirgen des Iran\nZus\u00e4tzlich zu den landwirtschaftlichen Erzeugnissen im Rahmen unseres Vertragsanbaus greifen wir direkt auf den Reichtum der Natur zur\u00fcck und verlassen damit die gew\u00f6hnlichen Standards. Die ausgedehnten Ebenen und zahlreichen Berge Irans sind voller unber\u00fchrter wertvoller Kr\u00e4uter und Fr\u00fcchte. Wir scheuen keine M\u00fchen und erkunden das reichhaltige Wild- und H\u00fcgelvorland, um unserer weltweiten Kundschaft naturreine Zutaten zu bieten.<\/span>\n\t\t\t\t\t<\/div>\n\t\t\t\t<\/div>\n\t\t\t\t<\/div>\n\t\t\t\t<\/div>\n\t\t<div class=\"elementor-element elementor-element-a778545 e-con-full e-flex e-con e-child\" data-id=\"a778545\" data-element_type=\"container\" data-settings=\"{&quot;content_width&quot;:&quot;full&quot;}\">\n\t\t\t\t<div class=\"elementor-element elementor-element-4420362 elementor-widget__width-initial elementor-widget elementor-widget-wd_image_or_svg\" data-id=\"4420362\" data-element_type=\"widget\" data-widget_type=\"wd_image_or_svg.default\">\n\t\t\t\t<div class=\"elementor-widget-container\">\n\t\t\t\n\t\t<div class=\"wd-image text-left\">\n\t\t\t\t\t\t\t\t<img fetchpriority=\"high\" decoding=\"async\" width=\"1172\" height=\"864\" src=\"https:\/\/paradiseplantsberlin.de\/wp-content\/uploads\/2024\/02\/1608202158_82.jpg\" class=\"attachment-full size-full wp-image-8623\" alt=\"Straight from Mother Nature\" srcset=\"https:\/\/paradiseplantsberlin.de\/wp-content\/uploads\/2024\/02\/1608202158_82.jpg 1172w, https:\/\/paradiseplantsberlin.de\/wp-content\/uploads\/2024\/02\/1608202158_82-400x295.jpg 400w, https:\/\/paradiseplantsberlin.de\/wp-content\/uploads\/2024\/02\/1608202158_82-1085x800.jpg 1085w, https:\/\/paradiseplantsberlin.de\/wp-content\/uploads\/2024\/02\/1608202158_82-768x566.jpg 768w\" sizes=\"(max-width: 1172px) 100vw, 1172px\" \/>\t\t\t\t\t<\/div>\n\n\t\t\t\t<\/div>\n\t\t\t\t<\/div>\n\t\t\t\t<\/div>\n\t\t\t\t\t<\/div>\n\t\t\t\t<\/div>\n\t\t<div class=\"elementor-element elementor-element-e418fcb e-flex e-con-boxed e-con e-parent\" data-id=\"e418fcb\" data-element_type=\"container\" data-settings=\"{&quot;content_width&quot;:&quot;boxed&quot;}\" data-core-v316-plus=\"true\">\n\t\t\t\t\t<div class=\"e-con-inner\">\n\t\t<div class=\"elementor-element elementor-element-b34b31d e-con-full e-flex e-con e-child\" data-id=\"b34b31d\" data-element_type=\"container\" data-settings=\"{&quot;content_width&quot;:&quot;full&quot;}\">\n\t\t\t\t<div class=\"elementor-element elementor-element-5e28d7a elementor-widget elementor-widget-wd_image_or_svg\" data-id=\"5e28d7a\" data-element_type=\"widget\" data-widget_type=\"wd_image_or_svg.default\">\n\t\t\t\t<div class=\"elementor-widget-container\">\n\t\t\t\n\t\t<div class=\"wd-image text-left\">\n\t\t\t\t\t\t\t\t<img decoding=\"async\" width=\"2560\" height=\"1710\" src=\"https:\/\/paradiseplantsberlin.de\/wp-content\/uploads\/2024\/02\/1645430065_100-scaled.jpg\" class=\"attachment-full size-full wp-image-8641\" alt=\"SUPERVISION\" srcset=\"https:\/\/paradiseplantsberlin.de\/wp-content\/uploads\/2024\/02\/1645430065_100-scaled.jpg 2560w, https:\/\/paradiseplantsberlin.de\/wp-content\/uploads\/2024\/02\/1645430065_100-400x267.jpg 400w, https:\/\/paradiseplantsberlin.de\/wp-content\/uploads\/2024\/02\/1645430065_100-1198x800.jpg 1198w, https:\/\/paradiseplantsberlin.de\/wp-content\/uploads\/2024\/02\/1645430065_100-768x513.jpg 768w, https:\/\/paradiseplantsberlin.de\/wp-content\/uploads\/2024\/02\/1645430065_100-1536x1026.jpg 1536w, https:\/\/paradiseplantsberlin.de\/wp-content\/uploads\/2024\/02\/1645430065_100-2048x1368.jpg 2048w\" sizes=\"(max-width: 2560px) 100vw, 2560px\" \/>\t\t\t\t\t<\/div>\n\n\t\t\t\t<\/div>\n\t\t\t\t<\/div>\n\t\t\t\t<\/div>\n\t\t<div class=\"elementor-element elementor-element-acb869f e-con-full e-flex e-con e-child\" data-id=\"acb869f\" data-element_type=\"container\" data-settings=\"{&quot;content_width&quot;:&quot;full&quot;}\">\n\t\t\t\t<div class=\"elementor-element elementor-element-3a4e509 elementor-widget elementor-widget-wd_text_block\" data-id=\"3a4e509\" data-element_type=\"widget\" data-widget_type=\"wd_text_block.default\">\n\t\t\t\t<div class=\"elementor-widget-container\">\n\t\t\t\t\t<div class=\"wd-text-block reset-last-child text-left\">\n\t\t\t\n\t\t\t<h3 class=\"post-modern-title\" style=\"margin-bottom: 0px; font-weight: 500; line-height: 1.33333; font-size: 36px; font-family: Poppins, -apple-system, BlinkMacSystemFont, 'Segoe UI', Roboto, 'Helvetica Neue', Arial, sans-serif; letter-spacing: 0.05em; text-transform: none; color: #151515; max-width: 80%; font-style: normal; font-variant-ligatures: normal; font-variant-caps: normal; white-space-collapse: collapse; text-align: left;\">HOHER WIRKSTOFFGEHALT<\/h3><p><br \/><span style=\"font-family: Lato, -apple-system, BlinkMacSystemFont, 'Segoe UI', Roboto, 'Helvetica Neue', Arial, sans-serif; font-size: 15px; font-style: normal; font-variant-ligatures: normal; font-variant-caps: normal; font-weight: 400; letter-spacing: 0.75px; white-space-collapse: collapse;\">Unsere im hei\u00df-trockenen Klima der iranischen Hochebenen kultivierten Pflanzen weisen hohe Anteile an aktiven Inhaltsstoffen auf\nDer arzneilich wirksame Bestandteil einer Pflanze ist ihre am meisten interessierende Komponente in der pflanzlichen Medizin und der Pharmaindustrie. Jeder Pflanze ist eine spezifische Wirksubstanz zu eigen. Beispielsweise ist der scharfe Geschmack von Pfeffer seinen aktiven Inhaltsstoffen zuzuschreiben. Die Sonne spielt hier eine wichtige Rolle, denn sie erh\u00f6ht die Anreicherung von Spurenelementen in den Pflanzen. Weil die wilden ebenso wie die kultivierten Landschaften der Hochebenen sehr sonnenverw\u00f6hnt sind, zeichnen sich unsere Produkte durch einen hohen Wirkstoffgehalt aus.<\/span><\/p>\n\t\t\t\t\t<\/div>\n\t\t\t\t<\/div>\n\t\t\t\t<\/div>\n\t\t\t\t<\/div>\n\t\t\t\t\t<\/div>\n\t\t\t\t<\/div>\n\t\t<div class=\"elementor-element elementor-element-502fd34a e-flex e-con-boxed e-con e-parent\" data-id=\"502fd34a\" data-element_type=\"container\" data-settings=\"{&quot;content_width&quot;:&quot;boxed&quot;}\" data-core-v316-plus=\"true\">\n\t\t\t\t\t<div class=\"e-con-inner\">\n\t\t<div class=\"elementor-element elementor-element-386000c8 e-con-full e-flex e-con e-child\" data-id=\"386000c8\" data-element_type=\"container\" data-settings=\"{&quot;content_width&quot;:&quot;full&quot;}\">\n\t\t\t\t<div class=\"elementor-element elementor-element-7a3bf26 elementor-widget elementor-widget-wd_text_block\" data-id=\"7a3bf26\" data-element_type=\"widget\" data-widget_type=\"wd_text_block.default\">\n\t\t\t\t<div class=\"elementor-widget-container\">\n\t\t\t\t\t<div class=\"wd-text-block reset-last-child text-left\">\n\t\t\t\n\t\t\t<h3 style=\"margin-bottom: 0px; font-weight: 500; line-height: 1.33333; font-size: 36px; font-family: Poppins, -apple-system, BlinkMacSystemFont, 'Segoe UI', Roboto, 'Helvetica Neue', Arial, sans-serif; letter-spacing: 0.05em; text-transform: none; color: #151515; max-width: 80%; font-style: normal; font-variant-ligatures: normal; font-variant-caps: normal; white-space-collapse: collapse;\">HANDVERLESENE UND VON HAND SORTIERTE PRODUKTE<\/h3><p>\u00a0<\/p><p><span style=\"font-family: Lato, -apple-system, BlinkMacSystemFont, 'Segoe UI', Roboto, 'Helvetica Neue', Arial, sans-serif; font-size: 15px; font-style: normal; font-variant-ligatures: normal; font-variant-caps: normal; font-weight: 400; letter-spacing: 0.75px; white-space-collapse: collapse;\">Wir sind stolz darauf, die Reinheit unserer finalen Produkte durch eigenes Handanlegen sicherzustellen\nAll unserer Produkte werden auf den Farmen handverlesen und sp\u00e4ter mechanisch und manuell sortiert, um die Nachhaltigkeit und Best\u00e4ndigkeit der Qualit\u00e4t zu gew\u00e4hrleisten. Die erste Ausleseprozedur verrichten Maschinen in unserer Fabrik. Die Sortierung per Hand stellt dann die finale Stufe der Vorbereitung des Produkts vor dem Verpacken dar. Sie wird vollzogen, um durchweg gesunde und reine Bestandteile zu gew\u00e4hrleisten.<\/span><\/p>\n\t\t\t\t\t<\/div>\n\t\t\t\t<\/div>\n\t\t\t\t<\/div>\n\t\t\t\t<\/div>\n\t\t<div class=\"elementor-element elementor-element-5073a37c e-con-full e-flex e-con e-child\" data-id=\"5073a37c\" data-element_type=\"container\" data-settings=\"{&quot;content_width&quot;:&quot;full&quot;}\">\n\t\t\t\t<div class=\"elementor-element elementor-element-75455fe0 elementor-widget__width-initial elementor-widget elementor-widget-wd_image_or_svg\" data-id=\"75455fe0\" data-element_type=\"widget\" data-widget_type=\"wd_image_or_svg.default\">\n\t\t\t\t<div class=\"elementor-widget-container\">\n\t\t\t\n\t\t<div class=\"wd-image text-left\">\n\t\t\t\t\t\t\t\t<img decoding=\"async\" width=\"1280\" height=\"853\" src=\"https:\/\/paradiseplantsberlin.de\/wp-content\/uploads\/2024\/02\/1608201090_80.jpg\" class=\"attachment-full size-full wp-image-8662\" alt=\"\" srcset=\"https:\/\/paradiseplantsberlin.de\/wp-content\/uploads\/2024\/02\/1608201090_80.jpg 1280w, https:\/\/paradiseplantsberlin.de\/wp-content\/uploads\/2024\/02\/1608201090_80-400x267.jpg 400w, https:\/\/paradiseplantsberlin.de\/wp-content\/uploads\/2024\/02\/1608201090_80-1200x800.jpg 1200w, https:\/\/paradiseplantsberlin.de\/wp-content\/uploads\/2024\/02\/1608201090_80-768x512.jpg 768w\" sizes=\"(max-width: 1280px) 100vw, 1280px\" \/>\t\t\t\t\t<\/div>\n\n\t\t\t\t<\/div>\n\t\t\t\t<\/div>\n\t\t\t\t<\/div>\n\t\t\t\t\t<\/div>\n\t\t\t\t<\/div>\n\t\t<div class=\"elementor-element elementor-element-1f664601 e-flex e-con-boxed e-con e-parent\" data-id=\"1f664601\" data-element_type=\"container\" data-settings=\"{&quot;content_width&quot;:&quot;boxed&quot;}\" data-core-v316-plus=\"true\">\n\t\t\t\t\t<div class=\"e-con-inner\">\n\t\t<div class=\"elementor-element elementor-element-57aa3fe e-con-full e-flex e-con e-child\" data-id=\"57aa3fe\" data-element_type=\"container\" data-settings=\"{&quot;content_width&quot;:&quot;full&quot;}\">\n\t\t\t\t<div class=\"elementor-element elementor-element-6e632031 elementor-widget elementor-widget-wd_image_or_svg\" data-id=\"6e632031\" data-element_type=\"widget\" data-widget_type=\"wd_image_or_svg.default\">\n\t\t\t\t<div class=\"elementor-widget-container\">\n\t\t\t\n\t\t<div class=\"wd-image text-left\">\n\t\t\t\t\t\t\t\t<img decoding=\"async\" src=\"https:\/\/paradiseplantsberlin.de\/wp-content\/uploads\/elementor\/thumbs\/1608201261_20-raxukf6sjzvcxnfft8vyyyqkxv665f492i33zixahe.jpg\" title=\"1608201261_20\" alt=\"SUPERVISION\" loading=\"lazy\" \/>\t\t\t\t\t<\/div>\n\n\t\t\t\t<\/div>\n\t\t\t\t<\/div>\n\t\t\t\t<\/div>\n\t\t<div class=\"elementor-element elementor-element-228f4fc2 e-con-full e-flex e-con e-child\" data-id=\"228f4fc2\" data-element_type=\"container\" data-settings=\"{&quot;content_width&quot;:&quot;full&quot;}\">\n\t\t\t\t<div class=\"elementor-element elementor-element-113cf430 elementor-widget elementor-widget-wd_text_block\" data-id=\"113cf430\" data-element_type=\"widget\" data-widget_type=\"wd_text_block.default\">\n\t\t\t\t<div class=\"elementor-widget-container\">\n\t\t\t\t\t<div class=\"wd-text-block reset-last-child text-left\">\n\t\t\t\n\t\t\t<h3 style=\"margin-bottom: 0px; font-weight: 500; line-height: 1.33333; font-size: 36px; font-family: Poppins, -apple-system, BlinkMacSystemFont, 'Segoe UI', Roboto, 'Helvetica Neue', Arial, sans-serif; letter-spacing: 0.05em; text-transform: none; color: #151515; max-width: 80%; font-style: normal; font-variant-ligatures: normal; font-variant-caps: normal; white-space-collapse: collapse;\">\u00dcBERWACHUNG<\/h3><p>\u00a0<\/p><p><span style=\"font-family: Lato, -apple-system, BlinkMacSystemFont, 'Segoe UI', Roboto, 'Helvetica Neue', Arial, sans-serif; font-size: 15px; font-style: normal; font-variant-ligatures: normal; font-variant-caps: normal; font-weight: 400; letter-spacing: 0.75px; white-space-collapse: collapse;\">Wir legen gr\u00f6\u00dften Wert darauf, die Produktvorbereitung durch unsere Experten kontinuierlich zu \u00fcberwachen \u2014 von der Ernte \u00fcber mehrfache Sortierverfahren bis zu sensorischen und analytischen Pr\u00fcfungen im Labor\nUm exzellente Qualit\u00e4t zu liefern, \u00fcberwachen wir jeden Schritt der Produktvorbereitung. Mit gro\u00dfer Sorgfalt w\u00e4hlen unsere Experten ertragreiche Betriebe und \u00fcberwachen alle Stadien von der jungen Pflanze \u00fcber das zweifache Sortieren zum Verpacken und Versand. Beraten durch akademischen Zentren des Ministeriums f\u00fcr Landwirtschaft halten wir unser Qualit\u00e4tsmanagementverfahren stets auf dem neuesten Stand und erkunden neue Methoden.<\/span><\/p>\n\t\t\t\t\t<\/div>\n\t\t\t\t<\/div>\n\t\t\t\t<\/div>\n\t\t\t\t<\/div>\n\t\t\t\t\t<\/div>\n\t\t\t\t<\/div>\n\t\t<div class=\"elementor-element elementor-element-5b95f4d7 e-flex e-con-boxed e-con e-parent\" data-id=\"5b95f4d7\" data-element_type=\"container\" data-settings=\"{&quot;content_width&quot;:&quot;boxed&quot;}\" data-core-v316-plus=\"true\">\n\t\t\t\t\t<div class=\"e-con-inner\">\n\t\t<div class=\"elementor-element elementor-element-1995fb2e e-con-full e-flex e-con e-child\" data-id=\"1995fb2e\" data-element_type=\"container\" data-settings=\"{&quot;content_width&quot;:&quot;full&quot;}\">\n\t\t\t\t<div class=\"elementor-element elementor-element-6db05fb7 elementor-widget elementor-widget-wd_text_block\" data-id=\"6db05fb7\" data-element_type=\"widget\" data-widget_type=\"wd_text_block.default\">\n\t\t\t\t<div class=\"elementor-widget-container\">\n\t\t\t\t\t<div class=\"wd-text-block reset-last-child text-left\">\n\t\t\t\n\t\t\t<h3 style=\"margin-bottom: 0px; font-weight: 500; line-height: 1.33333; font-size: 36px; font-family: Poppins, -apple-system, BlinkMacSystemFont, 'Segoe UI', Roboto, 'Helvetica Neue', Arial, sans-serif; letter-spacing: 0.05em; text-transform: none; color: #151515; max-width: 80%; font-style: normal; font-variant-ligatures: normal; font-variant-caps: normal; white-space-collapse: collapse;\">SCHNELLER UND SICHERER TRANSPORT<\/h3><p><br \/><span style=\"font-family: Lato, -apple-system, BlinkMacSystemFont, 'Segoe UI', Roboto, 'Helvetica Neue', Arial, sans-serif; font-size: 15px; font-style: normal; font-variant-ligatures: normal; font-variant-caps: normal; font-weight: 400; letter-spacing: 0.75px; white-space-collapse: collapse;\">Wir scheuen keine M\u00fchen zur Gew\u00e4hrleistung einer schnellen und sicheren Auslieferung\nWir sichern unseren Kunden zu, dass die Rohwaren in speziellen auf ihre Anspr\u00fcche abgestimmten  Verpackungen sicher transportiert werden.<\/span><\/p>\n\t\t\t\t\t<\/div>\n\t\t\t\t<\/div>\n\t\t\t\t<\/div>\n\t\t\t\t<\/div>\n\t\t<div class=\"elementor-element elementor-element-67703492 e-con-full e-flex e-con e-child\" data-id=\"67703492\" data-element_type=\"container\" data-settings=\"{&quot;content_width&quot;:&quot;full&quot;}\">\n\t\t\t\t<div class=\"elementor-element elementor-element-b7ccbaf elementor-widget__width-initial elementor-widget elementor-widget-wd_image_or_svg\" data-id=\"b7ccbaf\" data-element_type=\"widget\" data-widget_type=\"wd_image_or_svg.default\">\n\t\t\t\t<div class=\"elementor-widget-container\">\n\t\t\t\n\t\t<div class=\"wd-image text-left\">\n\t\t\t\t\t\t\t\t<img loading=\"lazy\" decoding=\"async\" width=\"2560\" height=\"1707\" src=\"https:\/\/paradiseplantsberlin.de\/wp-content\/uploads\/2024\/02\/1608201203_76-scaled.jpg\" class=\"attachment-full size-full wp-image-8678\" alt=\"FAST AND SAFE SHIPMENT\" srcset=\"https:\/\/paradiseplantsberlin.de\/wp-content\/uploads\/2024\/02\/1608201203_76-scaled.jpg 2560w, https:\/\/paradiseplantsberlin.de\/wp-content\/uploads\/2024\/02\/1608201203_76-400x267.jpg 400w, https:\/\/paradiseplantsberlin.de\/wp-content\/uploads\/2024\/02\/1608201203_76-1200x800.jpg 1200w, https:\/\/paradiseplantsberlin.de\/wp-content\/uploads\/2024\/02\/1608201203_76-768x512.jpg 768w, https:\/\/paradiseplantsberlin.de\/wp-content\/uploads\/2024\/02\/1608201203_76-1536x1024.jpg 1536w, https:\/\/paradiseplantsberlin.de\/wp-content\/uploads\/2024\/02\/1608201203_76-2048x1365.jpg 2048w\" sizes=\"(max-width: 2560px) 100vw, 2560px\" \/>\t\t\t\t\t<\/div>\n\n\t\t\t\t<\/div>\n\t\t\t\t<\/div>\n\t\t\t\t<\/div>\n\t\t\t\t\t<\/div>\n\t\t\t\t<\/div>\n\t\t\t\t<\/div>","protected":false},"excerpt":{"rendered":"<p>Straight from Mother Nature Our philosophy is to harvest wild products from the vast plains and foothills of Iran In<\/p>","protected":false},"author":1,"featured_media":0,"parent":0,"menu_order":0,"comment_status":"closed","ping_status":"closed","template":"","meta":{"footnotes":""},"class_list":["post-8555","page","type-page","status-publish","hentry"],"_links":{"self":[{"href":"https:\/\/paradiseplantsberlin.de\/de\/wp-json\/wp\/v2\/pages\/8555","targetHints":{"allow":["GET"]}}],"collection":[{"href":"https:\/\/paradiseplantsberlin.de\/de\/wp-json\/wp\/v2\/pages"}],"about":[{"href":"https:\/\/paradiseplantsberlin.de\/de\/wp-json\/wp\/v2\/types\/page"}],"author":[{"embeddable":true,"href":"https:\/\/paradiseplantsberlin.de\/de\/wp-json\/wp\/v2\/users\/1"}],"replies":[{"embeddable":true,"href":"https:\/\/paradiseplantsberlin.de\/de\/wp-json\/wp\/v2\/comments?post=8555"}],"version-history":[{"count":48,"href":"https:\/\/paradiseplantsberlin.de\/de\/wp-json\/wp\/v2\/pages\/8555\/revisions"}],"predecessor-version":[{"id":8684,"href":"https:\/\/paradiseplantsberlin.de\/de\/wp-json\/wp\/v2\/pages\/8555\/revisions\/8684"}],"wp:attachment":[{"href":"https:\/\/paradiseplantsberlin.de\/de\/wp-json\/wp\/v2\/media?parent=8555"}],"curies":[{"name":"wp","href":"https:\/\/api.w.org\/{rel}","templated":true}]}}