{"id":8857,"date":"2024-02-12T08:09:52","date_gmt":"2024-02-12T08:09:52","guid":{"rendered":"https:\/\/paradiseplantsberlin.de\/?page_id=8857"},"modified":"2025-02-17T05:31:11","modified_gmt":"2025-02-17T05:31:11","slug":"raw-materials-for-tea","status":"publish","type":"page","link":"https:\/\/paradiseplantsberlin.de\/de\/raw-materials-for-tea\/","title":{"rendered":"ROHSTOFFE F\u00dcR TEE"},"content":{"rendered":"<div data-elementor-type=\"wp-page\" data-elementor-id=\"8857\" class=\"elementor elementor-8857\" data-elementor-post-type=\"page\">\n\t\t\t\t<div class=\"elementor-element elementor-element-8da69f8 e-flex e-con-boxed e-con e-parent\" data-id=\"8da69f8\" data-element_type=\"container\" data-settings=\"{&quot;content_width&quot;:&quot;boxed&quot;}\" data-core-v316-plus=\"true\">\n\t\t\t\t\t<div class=\"e-con-inner\">\n\t\t<div class=\"elementor-element elementor-element-cb7dd9e e-con-full e-flex e-con e-child\" data-id=\"cb7dd9e\" data-element_type=\"container\" data-settings=\"{&quot;content_width&quot;:&quot;full&quot;}\">\n\t\t\t\t<div class=\"elementor-element elementor-element-6a8bd4c elementor-widget elementor-widget-wd_text_block\" data-id=\"6a8bd4c\" data-element_type=\"widget\" data-widget_type=\"wd_text_block.default\">\n\t\t\t\t<div class=\"elementor-widget-container\">\n\t\t\t\t\t\t<link rel=\"stylesheet\" id=\"wd-text-block-css\" href=\"https:\/\/paradiseplantsberlin.de\/wp-content\/themes\/woodmart\/css\/parts\/el-text-block.min.css?ver=7.0.4\" type=\"text\/css\" media=\"all\" \/> \t\t\t\t\t<div class=\"wd-text-block reset-last-child text-left\">\n\t\t\t\n\t\t\t<h3 class=\"text-transform-none font-weight-medium\">ROHSTOFFE F\u00dcR TEE<\/h3><p>\u00a0<\/p><p><strong><em>Paradise Plants Berlin stellt Ihnen zahlreiche Rohstoffe f\u00fcr unterschiedlichste Teesorten zur Verf\u00fcgung und garantiert h\u00f6chsten Genuss.<\/em><\/strong><\/p><p>Paradise Plants Berlin stellt Ihnen vielf\u00e4ltige pflanzliche Rohwaren f\u00fcr klassische und innovative Teeprodukte zur Verf\u00fcgung. Seien Sie sich versichert: wir unterst\u00fctzen Sie zuverl\u00e4ssig darin, den Erwartungen Ihrer Kunden an ihre Teezeremonien voll zu entsprechen.\nDie Lebensmittelsicherheit und exquisite Qualit\u00e4t unserer Produkte erweist sich in mehrstufigen Tests mit sensorischen, mikrobischen und analytischen Parametern. Dies bescheinigen wir gern f\u00fcr jede Sendung unserer Produkte. Alle Verarbeitungsschritte k\u00f6nnen wir nach den W\u00fcnschen unserer Kunden ausf\u00fchren und variieren. Unsere Rohwaren k\u00f6nnen in Originalgr\u00f6\u00dfe, geschnitten, in Pulverform oder zersto\u00dfen bereitgestellt werden.<\/p>\n\t\t\t\t\t<\/div>\n\t\t\t\t<\/div>\n\t\t\t\t<\/div>\n\t\t\t\t<\/div>\n\t\t<div class=\"elementor-element elementor-element-c640330 e-con-full e-flex e-con e-child\" data-id=\"c640330\" data-element_type=\"container\" data-settings=\"{&quot;content_width&quot;:&quot;full&quot;}\">\n\t\t\t\t<div class=\"elementor-element elementor-element-7fe2de4 elementor-widget elementor-widget-wd_image_or_svg\" data-id=\"7fe2de4\" data-element_type=\"widget\" data-widget_type=\"wd_image_or_svg.default\">\n\t\t\t\t<div class=\"elementor-widget-container\">\n\t\t\t\n\t\t<div class=\"wd-image text-left\">\n\t\t\t\t\t\t\t\t<img fetchpriority=\"high\" decoding=\"async\" width=\"503\" height=\"480\" src=\"https:\/\/paradiseplantsberlin.de\/wp-content\/uploads\/2024\/02\/1620460930_83.webp\" class=\"attachment-full size-full wp-image-8879\" alt=\"RAW MATERIALS FOR TEA\" srcset=\"https:\/\/paradiseplantsberlin.de\/wp-content\/uploads\/2024\/02\/1620460930_83.webp 503w, https:\/\/paradiseplantsberlin.de\/wp-content\/uploads\/2024\/02\/1620460930_83-314x300.webp 314w\" sizes=\"(max-width: 503px) 100vw, 503px\" \/>\t\t\t\t\t<\/div>\n\n\t\t\t\t<\/div>\n\t\t\t\t<\/div>\n\t\t\t\t<\/div>\n\t\t\t\t\t<\/div>\n\t\t\t\t<\/div>\n\t\t<div class=\"elementor-element elementor-element-31d06b3 e-flex e-con-boxed e-con e-parent\" data-id=\"31d06b3\" data-element_type=\"container\" data-settings=\"{&quot;content_width&quot;:&quot;boxed&quot;}\" data-core-v316-plus=\"true\">\n\t\t\t\t\t<div class=\"e-con-inner\">\n\t\t<div class=\"elementor-element elementor-element-ba19700 e-con-full e-flex e-con e-child\" data-id=\"ba19700\" data-element_type=\"container\" data-settings=\"{&quot;content_width&quot;:&quot;full&quot;}\">\n\t\t\t\t<div class=\"elementor-element elementor-element-9eafa29 elementor-widget elementor-widget-wd_image_or_svg\" data-id=\"9eafa29\" data-element_type=\"widget\" data-widget_type=\"wd_image_or_svg.default\">\n\t\t\t\t<div class=\"elementor-widget-container\">\n\t\t\t\n\t\t<div class=\"wd-image text-left\">\n\t\t\t\t\t\t\t\t<img decoding=\"async\" width=\"864\" height=\"576\" src=\"https:\/\/paradiseplantsberlin.de\/wp-content\/uploads\/2024\/02\/1647343442_1731.jpg\" class=\"attachment-full size-full wp-image-8903\" alt=\"RAW MATERIALS FOR TEA\" srcset=\"https:\/\/paradiseplantsberlin.de\/wp-content\/uploads\/2024\/02\/1647343442_1731.jpg 864w, https:\/\/paradiseplantsberlin.de\/wp-content\/uploads\/2024\/02\/1647343442_1731-400x267.jpg 400w, https:\/\/paradiseplantsberlin.de\/wp-content\/uploads\/2024\/02\/1647343442_1731-768x512.jpg 768w\" sizes=\"(max-width: 864px) 100vw, 864px\" \/>\t\t\t\t\t<\/div>\n\n\t\t\t\t<\/div>\n\t\t\t\t<\/div>\n\t\t\t\t<\/div>\n\t\t<div class=\"elementor-element elementor-element-5d9327a e-con-full e-flex e-con e-child\" data-id=\"5d9327a\" data-element_type=\"container\" data-settings=\"{&quot;content_width&quot;:&quot;full&quot;}\">\n\t\t\t\t<div class=\"elementor-element elementor-element-c5d8e08 elementor-widget elementor-widget-wd_text_block\" data-id=\"c5d8e08\" data-element_type=\"widget\" data-widget_type=\"wd_text_block.default\">\n\t\t\t\t<div class=\"elementor-widget-container\">\n\t\t\t\t\t<div class=\"wd-text-block reset-last-child text-left\">\n\t\t\t\n\t\t\t<p><strong>Folgende Produkte stellen wir Ihnen als Rohstoffe f\u00fcr Tee zur Verf\u00fcgung:<\/strong><\/p><p>\u2022 Zitronenverbene<\/p><p>\u2022 Limettenschalen<\/p><p>\u2022 Orangenschalen, s\u00fc\u00df<\/p><p>\u2022 S\u00fc\u00dfholzwurzeln<\/p><p>\u2022 S\u00fc\u00dfholzwurzelextrakt<\/p><p>\u2022 Hibiskusbl\u00fcten<\/p><p>\u2022 Moringabl\u00e4tter<\/p><p>\u00a0<\/p><p><strong>\u00a0\u00a0\u00a0\u00a0\u00a0<\/strong><\/p>\n\t\t\t\t\t<\/div>\n\t\t\t\t<\/div>\n\t\t\t\t<\/div>\n\t\t\t\t<\/div>\n\t\t\t\t\t<\/div>\n\t\t\t\t<\/div>\n\t\t<div class=\"elementor-element elementor-element-5176edf e-flex e-con-boxed e-con e-parent\" data-id=\"5176edf\" data-element_type=\"container\" data-settings=\"{&quot;content_width&quot;:&quot;boxed&quot;}\" data-core-v316-plus=\"true\">\n\t\t\t\t\t<div class=\"e-con-inner\">\n\t\t<div class=\"elementor-element elementor-element-4aa06d1 e-con-full e-flex e-con e-child\" data-id=\"4aa06d1\" data-element_type=\"container\" data-settings=\"{&quot;content_width&quot;:&quot;full&quot;}\">\n\t\t\t\t<div class=\"elementor-element elementor-element-70726af elementor-widget elementor-widget-wd_text_block\" data-id=\"70726af\" data-element_type=\"widget\" data-widget_type=\"wd_text_block.default\">\n\t\t\t\t<div class=\"elementor-widget-container\">\n\t\t\t\t\t<div class=\"wd-text-block reset-last-child text-left\">\n\t\t\t\n\t\t\t<p><strong>Tee ist mehr als nur Geschmack, es kann auch eine Erinnerung sein.<\/strong><\/p><p>Tea is an evergreen shrub (bush) native to East Asia. Tea is a beverage that is primarily popular for its aroma and it is mostly made by pouring hot or boiling water over leaves of the Camellia sinensis. In fact, it shows the highest consumption rate in the world after water. There are many different types of tea; some, like Chinese greens and Darjeeling, have a slightly cooling astringent and bitter flavor, while others taste sweet, nutty, flowery, or like grass.<\/p>\n\t\t\t\t\t<\/div>\n\t\t\t\t<\/div>\n\t\t\t\t<\/div>\n\t\t\t\t<\/div>\n\t\t<div class=\"elementor-element elementor-element-071c0a3 e-con-full e-flex e-con e-child\" data-id=\"071c0a3\" data-element_type=\"container\" data-settings=\"{&quot;content_width&quot;:&quot;full&quot;}\">\n\t\t\t\t<div class=\"elementor-element elementor-element-0e794ba elementor-widget elementor-widget-wd_image_or_svg\" data-id=\"0e794ba\" data-element_type=\"widget\" data-widget_type=\"wd_image_or_svg.default\">\n\t\t\t\t<div class=\"elementor-widget-container\">\n\t\t\t\n\t\t<div class=\"wd-image text-left\">\n\t\t\t\t\t\t\t\t<img decoding=\"async\" width=\"570\" height=\"380\" src=\"https:\/\/paradiseplantsberlin.de\/wp-content\/uploads\/2024\/02\/1620461181_410.webp\" class=\"attachment-full size-full wp-image-8910\" alt=\"\" srcset=\"https:\/\/paradiseplantsberlin.de\/wp-content\/uploads\/2024\/02\/1620461181_410.webp 570w, https:\/\/paradiseplantsberlin.de\/wp-content\/uploads\/2024\/02\/1620461181_410-400x267.webp 400w\" sizes=\"(max-width: 570px) 100vw, 570px\" \/>\t\t\t\t\t<\/div>\n\n\t\t\t\t<\/div>\n\t\t\t\t<\/div>\n\t\t\t\t<\/div>\n\t\t\t\t\t<\/div>\n\t\t\t\t<\/div>\n\t\t\t\t<\/div>","protected":false},"excerpt":{"rendered":"<p>RAW MATERIALS FOR TEA \u00a0 Raw materials are supplied in Paradise Plants Berlin for different Flavors of Tea resulting into<\/p>","protected":false},"author":1,"featured_media":0,"parent":0,"menu_order":0,"comment_status":"closed","ping_status":"closed","template":"","meta":{"footnotes":""},"class_list":["post-8857","page","type-page","status-publish","hentry"],"_links":{"self":[{"href":"https:\/\/paradiseplantsberlin.de\/de\/wp-json\/wp\/v2\/pages\/8857","targetHints":{"allow":["GET"]}}],"collection":[{"href":"https:\/\/paradiseplantsberlin.de\/de\/wp-json\/wp\/v2\/pages"}],"about":[{"href":"https:\/\/paradiseplantsberlin.de\/de\/wp-json\/wp\/v2\/types\/page"}],"author":[{"embeddable":true,"href":"https:\/\/paradiseplantsberlin.de\/de\/wp-json\/wp\/v2\/users\/1"}],"replies":[{"embeddable":true,"href":"https:\/\/paradiseplantsberlin.de\/de\/wp-json\/wp\/v2\/comments?post=8857"}],"version-history":[{"count":43,"href":"https:\/\/paradiseplantsberlin.de\/de\/wp-json\/wp\/v2\/pages\/8857\/revisions"}],"predecessor-version":[{"id":9518,"href":"https:\/\/paradiseplantsberlin.de\/de\/wp-json\/wp\/v2\/pages\/8857\/revisions\/9518"}],"wp:attachment":[{"href":"https:\/\/paradiseplantsberlin.de\/de\/wp-json\/wp\/v2\/media?parent=8857"}],"curies":[{"name":"wp","href":"https:\/\/api.w.org\/{rel}","templated":true}]}}