{"id":8914,"date":"2024-02-13T19:19:09","date_gmt":"2024-02-13T19:19:09","guid":{"rendered":"https:\/\/paradiseplantsberlin.de\/?page_id=8914"},"modified":"2025-02-17T06:03:51","modified_gmt":"2025-02-17T06:03:51","slug":"herbs","status":"publish","type":"page","link":"https:\/\/paradiseplantsberlin.de\/de\/herbs\/","title":{"rendered":"Kr\u00e4uter &amp; Gew\u00fcrze"},"content":{"rendered":"<div data-elementor-type=\"wp-page\" data-elementor-id=\"8914\" class=\"elementor elementor-8914\" data-elementor-post-type=\"page\">\n\t\t\t\t<div class=\"elementor-element elementor-element-375c5206 e-flex e-con-boxed e-con e-parent\" data-id=\"375c5206\" data-element_type=\"container\" data-settings=\"{&quot;content_width&quot;:&quot;boxed&quot;}\" data-core-v316-plus=\"true\">\n\t\t\t\t\t<div class=\"e-con-inner\">\n\t\t<div class=\"elementor-element elementor-element-427f914d e-con-full e-flex e-con e-child\" data-id=\"427f914d\" data-element_type=\"container\" data-settings=\"{&quot;content_width&quot;:&quot;full&quot;}\">\n\t\t\t\t<div class=\"elementor-element elementor-element-3448ff74 elementor-widget elementor-widget-wd_text_block\" data-id=\"3448ff74\" data-element_type=\"widget\" data-widget_type=\"wd_text_block.default\">\n\t\t\t\t<div class=\"elementor-widget-container\">\n\t\t\t\t\t\t<link rel=\"stylesheet\" id=\"wd-text-block-css\" href=\"https:\/\/paradiseplantsberlin.de\/wp-content\/themes\/woodmart\/css\/parts\/el-text-block.min.css?ver=7.0.4\" type=\"text\/css\" media=\"all\" \/> \t\t\t\t\t<div class=\"wd-text-block reset-last-child text-left\">\n\t\t\t\n\t\t\t<h3 class=\"text-transform-none font-weight-medium\">Kr\u00e4uter &amp; Gew\u00fcrze<\/h3><p><strong><em>Paradise Plants Berlin cultivates and supplies high-standard herbs and spices by effective methods in order to meet our customers\u2019 demands.<\/em><\/strong><\/p><p>Efficient methods are being applied for cultivating, harvesting, drying, and packing our herbs and spices according to our customers\u2019 needs. We can provide our products in different forms: powder, cut, fine cut, whole, and also germ-reduced. Our customers\u2019 satisfaction is our priority, so we do our best to select the highest-standard products for you.<\/p><p>Traditionally, some herbs are used for the treatment of a great number of diseases since every plant consists of many components which are useful for the human body. In these treatments, herbs and spices have been applied in different forms such as brewing, grinding, or mixing different parts of the plants with other ingredients or by being applied solely on the injured organ. Even in modern times, the usefulness and sometimes miraculous effects of herbs and spices on different diseases are emphasized.<\/p><p>Dar\u00fcber hinaus werden zahllose Kr\u00e4uter und Gew\u00fcrze in der K\u00fcche kulinarisch verarbeitet. Die zerkleinerten, teils gemahlenen Bl\u00e4tter oder Samen von Gem\u00fcse oder Kr\u00e4utern ver\u00e4ndern eindrucksvoll den Geschmack eines Gerichts und verleihen eine feine Note. Statt gew\u00f6hnliche Gew\u00fcrze wie Pfeffer,  Kurkuma oder K\u00fcmmel einzusetzen, k\u00f6nnen wir unsere Kochkunst auf eine neue Stufe heben, indem wir uns an unterschiedliche, vielleicht auch bislang ungewohnte Kr\u00e4uter heranwagen.<\/p>\n\t\t\t\t\t<\/div>\n\t\t\t\t<\/div>\n\t\t\t\t<\/div>\n\t\t\t\t<\/div>\n\t\t<div class=\"elementor-element elementor-element-315a08a9 e-con-full e-flex e-con e-child\" data-id=\"315a08a9\" data-element_type=\"container\" data-settings=\"{&quot;content_width&quot;:&quot;full&quot;}\">\n\t\t\t\t<div class=\"elementor-element elementor-element-34fb10 elementor-widget elementor-widget-wd_image_or_svg\" data-id=\"34fb10\" data-element_type=\"widget\" data-widget_type=\"wd_image_or_svg.default\">\n\t\t\t\t<div class=\"elementor-widget-container\">\n\t\t\t\n\t\t<div class=\"wd-image text-left\">\n\t\t\t\t\t\t\t\t<img fetchpriority=\"high\" decoding=\"async\" width=\"1464\" height=\"1020\" src=\"https:\/\/paradiseplantsberlin.de\/wp-content\/uploads\/2024\/02\/1609314497_50.webp\" class=\"attachment-full size-full wp-image-9034\" alt=\"DRIED VEGETABLES\" srcset=\"https:\/\/paradiseplantsberlin.de\/wp-content\/uploads\/2024\/02\/1609314497_50.webp 1464w, https:\/\/paradiseplantsberlin.de\/wp-content\/uploads\/2024\/02\/1609314497_50-400x279.webp 400w, https:\/\/paradiseplantsberlin.de\/wp-content\/uploads\/2024\/02\/1609314497_50-1148x800.webp 1148w, https:\/\/paradiseplantsberlin.de\/wp-content\/uploads\/2024\/02\/1609314497_50-768x535.webp 768w\" sizes=\"(max-width: 1464px) 100vw, 1464px\" \/>\t\t\t\t\t<\/div>\n\n\t\t\t\t<\/div>\n\t\t\t\t<\/div>\n\t\t\t\t<\/div>\n\t\t\t\t\t<\/div>\n\t\t\t\t<\/div>\n\t\t<div class=\"elementor-element elementor-element-6b9392b5 e-flex e-con-boxed e-con e-parent\" data-id=\"6b9392b5\" data-element_type=\"container\" data-settings=\"{&quot;content_width&quot;:&quot;boxed&quot;}\" data-core-v316-plus=\"true\">\n\t\t\t\t\t<div class=\"e-con-inner\">\n\t\t<div class=\"elementor-element elementor-element-595b74ca e-con-full e-flex e-con e-child\" data-id=\"595b74ca\" data-element_type=\"container\" data-settings=\"{&quot;content_width&quot;:&quot;full&quot;}\">\n\t\t\t\t<div class=\"elementor-element elementor-element-416afd45 elementor-widget elementor-widget-wd_image_or_svg\" data-id=\"416afd45\" data-element_type=\"widget\" data-widget_type=\"wd_image_or_svg.default\">\n\t\t\t\t<div class=\"elementor-widget-container\">\n\t\t\t\n\t\t<div class=\"wd-image text-left\">\n\t\t\t\t\t\t\t\t<img decoding=\"async\" width=\"1600\" height=\"715\" src=\"https:\/\/paradiseplantsberlin.de\/wp-content\/uploads\/2024\/11\/WhatsApp-Image-2024-11-02-at-14.25.42.jpeg\" class=\"attachment-full size-full wp-image-9374\" alt=\"SAFFRON\" srcset=\"https:\/\/paradiseplantsberlin.de\/wp-content\/uploads\/2024\/11\/WhatsApp-Image-2024-11-02-at-14.25.42.jpeg 1600w, https:\/\/paradiseplantsberlin.de\/wp-content\/uploads\/2024\/11\/WhatsApp-Image-2024-11-02-at-14.25.42-400x179.jpeg 400w, https:\/\/paradiseplantsberlin.de\/wp-content\/uploads\/2024\/11\/WhatsApp-Image-2024-11-02-at-14.25.42-1300x581.jpeg 1300w, https:\/\/paradiseplantsberlin.de\/wp-content\/uploads\/2024\/11\/WhatsApp-Image-2024-11-02-at-14.25.42-768x343.jpeg 768w, https:\/\/paradiseplantsberlin.de\/wp-content\/uploads\/2024\/11\/WhatsApp-Image-2024-11-02-at-14.25.42-1536x686.jpeg 1536w, https:\/\/paradiseplantsberlin.de\/wp-content\/uploads\/2024\/11\/WhatsApp-Image-2024-11-02-at-14.25.42-18x8.jpeg 18w\" sizes=\"(max-width: 1600px) 100vw, 1600px\" \/>\t\t\t\t\t<\/div>\n\n\t\t\t\t<\/div>\n\t\t\t\t<\/div>\n\t\t\t\t<\/div>\n\t\t<div class=\"elementor-element elementor-element-15188d46 e-con-full e-flex e-con e-child\" data-id=\"15188d46\" data-element_type=\"container\" data-settings=\"{&quot;content_width&quot;:&quot;full&quot;}\">\n\t\t\t\t<div class=\"elementor-element elementor-element-4d0a6b6e elementor-widget elementor-widget-wd_text_block\" data-id=\"4d0a6b6e\" data-element_type=\"widget\" data-widget_type=\"wd_text_block.default\">\n\t\t\t\t<div class=\"elementor-widget-container\">\n\t\t\t\t\t<div class=\"wd-text-block reset-last-child text-left\">\n\t\t\t\n\t\t\t<h3 class=\"post-modern-title\">Unsere Kr\u00e4uter- und Gew\u00fcrze<\/h3><div class=\"post-modern-text\"><p><strong>\u2022 Franz\u00f6sischer Estragon<\/strong><br \/><strong>\u2022 Safran<\/strong><br \/><strong>\u2022 Kreuzk\u00fcmmelsamen<\/strong><br \/><strong>\u2022 Sumach<\/strong><\/p><\/div>\n\t\t\t\t\t<\/div>\n\t\t\t\t<\/div>\n\t\t\t\t<\/div>\n\t\t\t\t<\/div>\n\t\t\t\t\t<\/div>\n\t\t\t\t<\/div>\n\t\t\t\t<\/div>","protected":false},"excerpt":{"rendered":"<p>HERBS &amp; SPICES Paradise Plants Berlin cultivates and supplies high-standard herbs and spices by effective methods in order to meet<\/p>","protected":false},"author":1,"featured_media":0,"parent":0,"menu_order":0,"comment_status":"closed","ping_status":"closed","template":"","meta":{"footnotes":""},"class_list":["post-8914","page","type-page","status-publish","hentry"],"_links":{"self":[{"href":"https:\/\/paradiseplantsberlin.de\/de\/wp-json\/wp\/v2\/pages\/8914","targetHints":{"allow":["GET"]}}],"collection":[{"href":"https:\/\/paradiseplantsberlin.de\/de\/wp-json\/wp\/v2\/pages"}],"about":[{"href":"https:\/\/paradiseplantsberlin.de\/de\/wp-json\/wp\/v2\/types\/page"}],"author":[{"embeddable":true,"href":"https:\/\/paradiseplantsberlin.de\/de\/wp-json\/wp\/v2\/users\/1"}],"replies":[{"embeddable":true,"href":"https:\/\/paradiseplantsberlin.de\/de\/wp-json\/wp\/v2\/comments?post=8914"}],"version-history":[{"count":38,"href":"https:\/\/paradiseplantsberlin.de\/de\/wp-json\/wp\/v2\/pages\/8914\/revisions"}],"predecessor-version":[{"id":9524,"href":"https:\/\/paradiseplantsberlin.de\/de\/wp-json\/wp\/v2\/pages\/8914\/revisions\/9524"}],"wp:attachment":[{"href":"https:\/\/paradiseplantsberlin.de\/de\/wp-json\/wp\/v2\/media?parent=8914"}],"curies":[{"name":"wp","href":"https:\/\/api.w.org\/{rel}","templated":true}]}}