{"id":8958,"date":"2024-02-13T19:35:46","date_gmt":"2024-02-13T19:35:46","guid":{"rendered":"https:\/\/paradiseplantsberlin.de\/?page_id=8958"},"modified":"2024-11-04T07:46:28","modified_gmt":"2024-11-04T07:46:28","slug":"saffron","status":"publish","type":"page","link":"https:\/\/paradiseplantsberlin.de\/de\/saffron\/","title":{"rendered":"SAFRAN"},"content":{"rendered":"<div data-elementor-type=\"wp-page\" data-elementor-id=\"8958\" class=\"elementor elementor-8958\" data-elementor-post-type=\"page\">\n\t\t\t\t<div class=\"elementor-element elementor-element-64f7a64a e-flex e-con-boxed e-con e-parent\" data-id=\"64f7a64a\" data-element_type=\"container\" data-settings=\"{&quot;content_width&quot;:&quot;boxed&quot;}\" data-core-v316-plus=\"true\">\n\t\t\t\t\t<div class=\"e-con-inner\">\n\t\t<div class=\"elementor-element elementor-element-1150eb59 e-con-full e-flex e-con e-child\" data-id=\"1150eb59\" data-element_type=\"container\" data-settings=\"{&quot;content_width&quot;:&quot;full&quot;}\">\n\t\t\t\t<div class=\"elementor-element elementor-element-31c940ce elementor-widget elementor-widget-wd_text_block\" data-id=\"31c940ce\" data-element_type=\"widget\" data-widget_type=\"wd_text_block.default\">\n\t\t\t\t<div class=\"elementor-widget-container\">\n\t\t\t\t\t\t<link rel=\"stylesheet\" id=\"wd-text-block-css\" href=\"https:\/\/paradiseplantsberlin.de\/wp-content\/themes\/woodmart\/css\/parts\/el-text-block.min.css?ver=7.0.4\" type=\"text\/css\" media=\"all\" \/> \t\t\t\t\t<div class=\"wd-text-block reset-last-child text-left\">\n\t\t\t\n\t\t\t<h3 class=\"text-transform-none font-weight-medium\">SAFRAN<\/h3><p><strong><em>Safran, eines der ber\u00fchmtesten, wertvollsten Gew\u00fcrze weltweit, geh\u00f6rt zu unseren besonderen Spezialit\u00e4ten. Paradise Plants Berlin liefert verschiedene Sorten Safran f\u00fcr die umfangreiche Verwendung durch Lebensmittelproduzenten. <\/em><\/strong><\/p><p>Als eines der namhaftesten und weltbekanntesten orientalischen nat\u00fcrlichen Produkte wird Safran im Nordosten des Iran angebaut. Die ins Auge springenden, karmesinroten F\u00e4den machen Gerichte ebenso wie Konfekt und Konditorwaren besonders schmackhaft und verleihen ihnen eine appetitanredende Farbe. Die F\u00e4den sind die Narben der Bl\u00fcten des Safran bzw. Crocus sativus, aus ihnen wird das gleichnamige Gew\u00fcrz gewonnen. In einer einzelnen Bl\u00fcte befinden sich jeweils nur drei dieser Narben, die wir gemeinhin als Safranf\u00e4den bezeichnen. Diese F\u00e4den m\u00fcssen m\u00fchsam handverlesen und von Hand sortiert werden, was sie so kostbar und eben auch kostspielig macht.<\/p>\n\t\t\t\t\t<\/div>\n\t\t\t\t<\/div>\n\t\t\t\t<\/div>\n\t\t\t\t<\/div>\n\t\t<div class=\"elementor-element elementor-element-726ee228 e-con-full e-flex e-con e-child\" data-id=\"726ee228\" data-element_type=\"container\" data-settings=\"{&quot;content_width&quot;:&quot;full&quot;}\">\n\t\t\t\t<div class=\"elementor-element elementor-element-531a2965 elementor-widget elementor-widget-wd_image_or_svg\" data-id=\"531a2965\" data-element_type=\"widget\" data-widget_type=\"wd_image_or_svg.default\">\n\t\t\t\t<div class=\"elementor-widget-container\">\n\t\t\t\n\t\t<div class=\"wd-image text-left\">\n\t\t\t\t\t\t\t\t<img fetchpriority=\"high\" decoding=\"async\" width=\"1600\" height=\"715\" src=\"https:\/\/paradiseplantsberlin.de\/wp-content\/uploads\/2024\/11\/WhatsApp-Image-2024-11-02-at-14.25.42.jpeg\" class=\"attachment-full size-full wp-image-9374\" alt=\"SAFFRON\" srcset=\"https:\/\/paradiseplantsberlin.de\/wp-content\/uploads\/2024\/11\/WhatsApp-Image-2024-11-02-at-14.25.42.jpeg 1600w, https:\/\/paradiseplantsberlin.de\/wp-content\/uploads\/2024\/11\/WhatsApp-Image-2024-11-02-at-14.25.42-400x179.jpeg 400w, https:\/\/paradiseplantsberlin.de\/wp-content\/uploads\/2024\/11\/WhatsApp-Image-2024-11-02-at-14.25.42-1300x581.jpeg 1300w, https:\/\/paradiseplantsberlin.de\/wp-content\/uploads\/2024\/11\/WhatsApp-Image-2024-11-02-at-14.25.42-768x343.jpeg 768w, https:\/\/paradiseplantsberlin.de\/wp-content\/uploads\/2024\/11\/WhatsApp-Image-2024-11-02-at-14.25.42-1536x686.jpeg 1536w, https:\/\/paradiseplantsberlin.de\/wp-content\/uploads\/2024\/11\/WhatsApp-Image-2024-11-02-at-14.25.42-18x8.jpeg 18w\" sizes=\"(max-width: 1600px) 100vw, 1600px\" \/>\t\t\t\t\t<\/div>\n\n\t\t\t\t<\/div>\n\t\t\t\t<\/div>\n\t\t\t\t<\/div>\n\t\t\t\t\t<\/div>\n\t\t\t\t<\/div>\n\t\t<div class=\"elementor-element elementor-element-6461ced3 e-flex e-con-boxed e-con e-parent\" data-id=\"6461ced3\" data-element_type=\"container\" data-settings=\"{&quot;content_width&quot;:&quot;boxed&quot;}\" data-core-v316-plus=\"true\">\n\t\t\t\t\t<div class=\"e-con-inner\">\n\t\t<div class=\"elementor-element elementor-element-c9faf92 e-con-full e-flex e-con e-child\" data-id=\"c9faf92\" data-element_type=\"container\" data-settings=\"{&quot;content_width&quot;:&quot;full&quot;}\">\n\t\t\t\t<div class=\"elementor-element elementor-element-3be97e3e elementor-widget elementor-widget-wd_image_or_svg\" data-id=\"3be97e3e\" data-element_type=\"widget\" data-widget_type=\"wd_image_or_svg.default\">\n\t\t\t\t<div class=\"elementor-widget-container\">\n\t\t\t\n\t\t<div class=\"wd-image text-left\">\n\t\t\t\t\t\t\t\t<img decoding=\"async\" width=\"569\" height=\"314\" src=\"https:\/\/paradiseplantsberlin.de\/wp-content\/uploads\/2024\/02\/1609411220_2179.jpg\" class=\"attachment-full size-full wp-image-8972\" alt=\"\" srcset=\"https:\/\/paradiseplantsberlin.de\/wp-content\/uploads\/2024\/02\/1609411220_2179.jpg 569w, https:\/\/paradiseplantsberlin.de\/wp-content\/uploads\/2024\/02\/1609411220_2179-400x221.jpg 400w\" sizes=\"(max-width: 569px) 100vw, 569px\" \/>\t\t\t\t\t<\/div>\n\n\t\t\t\t<\/div>\n\t\t\t\t<\/div>\n\t\t\t\t<\/div>\n\t\t<div class=\"elementor-element elementor-element-397c744 e-con-full e-flex e-con e-child\" data-id=\"397c744\" data-element_type=\"container\" data-settings=\"{&quot;content_width&quot;:&quot;full&quot;}\">\n\t\t\t\t<div class=\"elementor-element elementor-element-a8c6cdc elementor-widget elementor-widget-wd_text_block\" data-id=\"a8c6cdc\" data-element_type=\"widget\" data-widget_type=\"wd_text_block.default\">\n\t\t\t\t<div class=\"elementor-widget-container\">\n\t\t\t\t\t<div class=\"wd-text-block reset-last-child text-left\">\n\t\t\t\n\t\t\t<h3 class=\"post-modern-title\">BIO-SAFRAN<\/h3><p>Unser Bio-Safran geh\u00f6rt zu Paradise Plants Berlins Sortiment an Produkten aus \u00f6kologischem Anbau. Er besitzt intensiv f\u00e4rbende und besonders wohlriechende Eigenschaften. Der Bio-Safran wird auf bestem Boden angebaut und regelm\u00e4\u00dfig von zertifizierten Kontrolleuren inspiziert. Unsere Safran-Anbauer wenden all ihr Wissen und K\u00f6nnen auf, um erstklassigen Safran zu produzieren.<\/p>\n\t\t\t\t\t<\/div>\n\t\t\t\t<\/div>\n\t\t\t\t<\/div>\n\t\t\t\t<\/div>\n\t\t\t\t\t<\/div>\n\t\t\t\t<\/div>\n\t\t<div class=\"elementor-element elementor-element-8bcc095 e-flex e-con-boxed e-con e-parent\" data-id=\"8bcc095\" data-element_type=\"container\" data-settings=\"{&quot;content_width&quot;:&quot;boxed&quot;}\" data-core-v316-plus=\"true\">\n\t\t\t\t\t<div class=\"e-con-inner\">\n\t\t<div class=\"elementor-element elementor-element-2a1bfa48 e-con-full e-flex e-con e-child\" data-id=\"2a1bfa48\" data-element_type=\"container\" data-settings=\"{&quot;content_width&quot;:&quot;full&quot;}\">\n\t\t\t\t<div class=\"elementor-element elementor-element-692ba0d2 elementor-widget elementor-widget-wd_text_block\" data-id=\"692ba0d2\" data-element_type=\"widget\" data-widget_type=\"wd_text_block.default\">\n\t\t\t\t<div class=\"elementor-widget-container\">\n\t\t\t\t\t<div class=\"wd-text-block reset-last-child text-left\">\n\t\t\t\n\t\t\t<h3 class=\"text-transform-none font-weight-medium\">SAFRANSORTEN<\/h3>\n<p class=\"Standard\" style=\"margin-top: 0in; text-align: justify; line-height: normal;\"><span class=\"Ohne\"><b><span lang=\"DE\" style=\"font-size: 11.0pt; background: white;\">Negin Safran:<\/span><\/b><\/span><span lang=\"DE\" style=\"font-size: 11.0pt; background: white;\"> eine neue Sorte Safran, dessen Stempfelf\u00e4den l\u00e4nger und dicker sind als bei herk\u00f6mmlichem Safran.<\/span><\/p>\n<p class=\"Standard\" style=\"margin-top: 0in; text-align: justify; line-height: normal;\"><span class=\"Ohne\"><b><span lang=\"DE\" style=\"font-size: 11.0pt; background: white;\">Sargol Saffron (All red saffron):<\/span><\/b><\/span><span lang=\"DE\" style=\"font-size: 11.0pt; background: white;\"> Sargol Safran (roter Safran): reiner Safran, der nur die Spitzen der roten Stempelf\u00e4den ohne den Stil enth\u00e4lt. Es werden 105 kg Saffranbl\u00fcten ben\u00f6tigt, um 1kg Sargol Safran zu erhalten.<\/span><\/p>\n<p class=\"Standard\" style=\"margin-top: 0in; text-align: justify; line-height: normal;\"><span class=\"Ohne\"><b><span lang=\"DE\" style=\"font-size: 11.0pt; background: white;\">Pushal Safran (Mancha Safran): <\/span><\/b><\/span><span lang=\"DE\" style=\"font-size: 11.0pt;background: white;\">Pushal Safran besteht aus den vollst\u00e4ndigen Stempelf\u00e4den. Es werden 101 kg Safranbl\u00fcten ben\u00f6tigt, um 1kg Pushal Safran zu erhalten.<\/span><\/p>\n<p class=\"Standard\" style=\"margin-top: 0in; text-align: justify; line-height: normal;\"><span class=\"Ohne\"><b><span lang=\"DE\" style=\"font-size: 11.0pt;background: white;\">Daste Saffron (Bunches Saffron):<\/span><\/b><\/span><span lang=\"DE\" style=\"font-size: 11.0pt; background: white;\"> Daste Saffron (Bunches Saffron): Daste Safran besteht aus den Safranf\u00e4den samt den Griffeln.<\/span><\/p>\n<p class=\"Standard\" style=\"margin-top: 0in; text-align: justify; line-height: normal;\"><span class=\"Ohne\"><b><span lang=\"DE\" style=\"font-size: 11.0pt; background: white;\">Griffelsafran: <\/span><\/b><\/span><span lang=\"DE\" style=\"font-size: 11.0pt; background: white;\">Griffelsafran enth\u00e4lt nur Griffel ohne Stempelf\u00e4den.<\/span><\/p>\n\t\t\t\t\t<\/div>\n\t\t\t\t<\/div>\n\t\t\t\t<\/div>\n\t\t\t\t<\/div>\n\t\t<div class=\"elementor-element elementor-element-53196fb2 e-con-full e-flex e-con e-child\" data-id=\"53196fb2\" data-element_type=\"container\" data-settings=\"{&quot;content_width&quot;:&quot;full&quot;}\">\n\t\t\t\t<div class=\"elementor-element elementor-element-1a89aab6 elementor-widget elementor-widget-wd_image_or_svg\" data-id=\"1a89aab6\" data-element_type=\"widget\" data-widget_type=\"wd_image_or_svg.default\">\n\t\t\t\t<div class=\"elementor-widget-container\">\n\t\t\t\n\t\t<div class=\"wd-image text-left\">\n\t\t\t\t\t\t\t\t<img decoding=\"async\" width=\"1045\" height=\"597\" src=\"https:\/\/paradiseplantsberlin.de\/wp-content\/uploads\/2024\/02\/1609411239_839.jpg\" class=\"attachment-full size-full wp-image-8986\" alt=\"\" srcset=\"https:\/\/paradiseplantsberlin.de\/wp-content\/uploads\/2024\/02\/1609411239_839.jpg 1045w, https:\/\/paradiseplantsberlin.de\/wp-content\/uploads\/2024\/02\/1609411239_839-400x229.jpg 400w, https:\/\/paradiseplantsberlin.de\/wp-content\/uploads\/2024\/02\/1609411239_839-768x439.jpg 768w\" sizes=\"(max-width: 1045px) 100vw, 1045px\" \/>\t\t\t\t\t<\/div>\n\n\t\t\t\t<\/div>\n\t\t\t\t<\/div>\n\t\t\t\t<\/div>\n\t\t\t\t\t<\/div>\n\t\t\t\t<\/div>\n\t\t\t\t<\/div>","protected":false},"excerpt":{"rendered":"<p>SAFFRON Saffron as one of the most valuable and famous spices in the world is one of the products we<\/p>","protected":false},"author":1,"featured_media":0,"parent":0,"menu_order":0,"comment_status":"closed","ping_status":"closed","template":"","meta":{"footnotes":""},"class_list":["post-8958","page","type-page","status-publish","hentry"],"_links":{"self":[{"href":"https:\/\/paradiseplantsberlin.de\/de\/wp-json\/wp\/v2\/pages\/8958","targetHints":{"allow":["GET"]}}],"collection":[{"href":"https:\/\/paradiseplantsberlin.de\/de\/wp-json\/wp\/v2\/pages"}],"about":[{"href":"https:\/\/paradiseplantsberlin.de\/de\/wp-json\/wp\/v2\/types\/page"}],"author":[{"embeddable":true,"href":"https:\/\/paradiseplantsberlin.de\/de\/wp-json\/wp\/v2\/users\/1"}],"replies":[{"embeddable":true,"href":"https:\/\/paradiseplantsberlin.de\/de\/wp-json\/wp\/v2\/comments?post=8958"}],"version-history":[{"count":34,"href":"https:\/\/paradiseplantsberlin.de\/de\/wp-json\/wp\/v2\/pages\/8958\/revisions"}],"predecessor-version":[{"id":9389,"href":"https:\/\/paradiseplantsberlin.de\/de\/wp-json\/wp\/v2\/pages\/8958\/revisions\/9389"}],"wp:attachment":[{"href":"https:\/\/paradiseplantsberlin.de\/de\/wp-json\/wp\/v2\/media?parent=8958"}],"curies":[{"name":"wp","href":"https:\/\/api.w.org\/{rel}","templated":true}]}}