{"id":8995,"date":"2024-02-13T19:48:26","date_gmt":"2024-02-13T19:48:26","guid":{"rendered":"https:\/\/paradiseplantsberlin.de\/?page_id=8995"},"modified":"2025-02-17T06:21:25","modified_gmt":"2025-02-17T06:21:25","slug":"dried-fruits","status":"publish","type":"page","link":"https:\/\/paradiseplantsberlin.de\/de\/dried-fruits\/","title":{"rendered":"TROCKENFR\u00dcCHTE"},"content":{"rendered":"<div data-elementor-type=\"wp-page\" data-elementor-id=\"8995\" class=\"elementor elementor-8995\" data-elementor-post-type=\"page\">\n\t\t\t\t<div class=\"elementor-element elementor-element-3b09cb44 e-flex e-con-boxed e-con e-parent\" data-id=\"3b09cb44\" data-element_type=\"container\" data-settings=\"{&quot;content_width&quot;:&quot;boxed&quot;}\" data-core-v316-plus=\"true\">\n\t\t\t\t\t<div class=\"e-con-inner\">\n\t\t<div class=\"elementor-element elementor-element-732bdbbd e-con-full e-flex e-con e-child\" data-id=\"732bdbbd\" data-element_type=\"container\" data-settings=\"{&quot;content_width&quot;:&quot;full&quot;}\">\n\t\t\t\t<div class=\"elementor-element elementor-element-3e912d2a elementor-widget elementor-widget-wd_text_block\" data-id=\"3e912d2a\" data-element_type=\"widget\" data-widget_type=\"wd_text_block.default\">\n\t\t\t\t<div class=\"elementor-widget-container\">\n\t\t\t\t\t\t<link rel=\"stylesheet\" id=\"wd-text-block-css\" href=\"https:\/\/paradiseplantsberlin.de\/wp-content\/themes\/woodmart\/css\/parts\/el-text-block.min.css?ver=7.0.4\" type=\"text\/css\" media=\"all\" \/> \t\t\t\t\t<div class=\"wd-text-block reset-last-child text-left\">\n\t\t\t\n\t\t\t<p><strong>TROCKENFR\u00dcCHTE<\/strong><\/p><p><strong><em>Paradise Plants Berlin beliefert Sie gern mit verschiedensten Trockenfr\u00fcchten. <\/em><\/strong><\/p><p>Unser Sortiment umfasst eine breite Auswahl an sonnengetrockneten Trockenfr\u00fcchten. Gegen\u00fcber frischem Obst zeichnen sich Trockenfr\u00fcchte dadurch aus, dass sie mehr Ballaststoffe und Antioxidantien enthalten. Der im n\u00e4hrstoff- und energiereichen Trockenobst enthaltene Zucker geht nur langsam ins Blut, was eine langanhaltende S\u00e4ttigung bewirkt. Herzerkrankungen, Fettleibigkeit, einige Krebsarten und degenerative Gehirnerkrankungen sind einige der Krankheiten, auf die eine ballaststoffreiche Ern\u00e4hrung einen positiven Effekt hat. In der Konsequenz bedeutet dies, dass der Genuss von Trockenobst die Gesundheit steigert, da es voller von unserem K\u00f6rper sinnvoll verwertbarer Inhaltsstoffe ist.<\/p>\n\t\t\t\t\t<\/div>\n\t\t\t\t<\/div>\n\t\t\t\t<\/div>\n\t\t\t\t<\/div>\n\t\t<div class=\"elementor-element elementor-element-3fd8bfbf e-con-full e-flex e-con e-child\" data-id=\"3fd8bfbf\" data-element_type=\"container\" data-settings=\"{&quot;content_width&quot;:&quot;full&quot;}\">\n\t\t\t\t<div class=\"elementor-element elementor-element-73dce2f8 elementor-widget elementor-widget-wd_image_or_svg\" data-id=\"73dce2f8\" data-element_type=\"widget\" data-widget_type=\"wd_image_or_svg.default\">\n\t\t\t\t<div class=\"elementor-widget-container\">\n\t\t\t\n\t\t<div class=\"wd-image text-left\">\n\t\t\t\t\t\t\t\t<img fetchpriority=\"high\" decoding=\"async\" width=\"2496\" height=\"1812\" src=\"https:\/\/paradiseplantsberlin.de\/wp-content\/uploads\/2024\/02\/1609314266_45.webp\" class=\"attachment-full size-full wp-image-9001\" alt=\"DRIED FRUITS\" srcset=\"https:\/\/paradiseplantsberlin.de\/wp-content\/uploads\/2024\/02\/1609314266_45.webp 2496w, https:\/\/paradiseplantsberlin.de\/wp-content\/uploads\/2024\/02\/1609314266_45-400x290.webp 400w, https:\/\/paradiseplantsberlin.de\/wp-content\/uploads\/2024\/02\/1609314266_45-1102x800.webp 1102w, https:\/\/paradiseplantsberlin.de\/wp-content\/uploads\/2024\/02\/1609314266_45-768x558.webp 768w, https:\/\/paradiseplantsberlin.de\/wp-content\/uploads\/2024\/02\/1609314266_45-1536x1115.webp 1536w, https:\/\/paradiseplantsberlin.de\/wp-content\/uploads\/2024\/02\/1609314266_45-2048x1487.webp 2048w\" sizes=\"(max-width: 2496px) 100vw, 2496px\" \/>\t\t\t\t\t<\/div>\n\n\t\t\t\t<\/div>\n\t\t\t\t<\/div>\n\t\t\t\t<\/div>\n\t\t\t\t\t<\/div>\n\t\t\t\t<\/div>\n\t\t<div class=\"elementor-element elementor-element-71deaf57 e-flex e-con-boxed e-con e-parent\" data-id=\"71deaf57\" data-element_type=\"container\" data-settings=\"{&quot;content_width&quot;:&quot;boxed&quot;}\" data-core-v316-plus=\"true\">\n\t\t\t\t\t<div class=\"e-con-inner\">\n\t\t<div class=\"elementor-element elementor-element-648db208 e-con-full e-flex e-con e-child\" data-id=\"648db208\" data-element_type=\"container\" data-settings=\"{&quot;content_width&quot;:&quot;full&quot;}\">\n\t\t\t\t<div class=\"elementor-element elementor-element-6be6fc58 elementor-widget elementor-widget-wd_image_or_svg\" data-id=\"6be6fc58\" data-element_type=\"widget\" data-widget_type=\"wd_image_or_svg.default\">\n\t\t\t\t<div class=\"elementor-widget-container\">\n\t\t\t\n\t\t<div class=\"wd-image text-left\">\n\t\t\t\t\t\t\t\t<img decoding=\"async\" width=\"2500\" height=\"1667\" src=\"https:\/\/paradiseplantsberlin.de\/wp-content\/uploads\/2024\/02\/1608980878_1918.jpg\" class=\"attachment-full size-full wp-image-9006\" alt=\"Paradise Plants Berlin&#039;s Dried Fruits\" srcset=\"https:\/\/paradiseplantsberlin.de\/wp-content\/uploads\/2024\/02\/1608980878_1918.jpg 2500w, https:\/\/paradiseplantsberlin.de\/wp-content\/uploads\/2024\/02\/1608980878_1918-400x267.jpg 400w, https:\/\/paradiseplantsberlin.de\/wp-content\/uploads\/2024\/02\/1608980878_1918-1200x800.jpg 1200w, https:\/\/paradiseplantsberlin.de\/wp-content\/uploads\/2024\/02\/1608980878_1918-768x512.jpg 768w, https:\/\/paradiseplantsberlin.de\/wp-content\/uploads\/2024\/02\/1608980878_1918-1536x1024.jpg 1536w, https:\/\/paradiseplantsberlin.de\/wp-content\/uploads\/2024\/02\/1608980878_1918-2048x1366.jpg 2048w\" sizes=\"(max-width: 2500px) 100vw, 2500px\" \/>\t\t\t\t\t<\/div>\n\n\t\t\t\t<\/div>\n\t\t\t\t<\/div>\n\t\t\t\t<\/div>\n\t\t<div class=\"elementor-element elementor-element-6fbbc33e e-con-full e-flex e-con e-child\" data-id=\"6fbbc33e\" data-element_type=\"container\" data-settings=\"{&quot;content_width&quot;:&quot;full&quot;}\">\n\t\t\t\t<div class=\"elementor-element elementor-element-5e557155 elementor-widget elementor-widget-wd_text_block\" data-id=\"5e557155\" data-element_type=\"widget\" data-widget_type=\"wd_text_block.default\">\n\t\t\t\t<div class=\"elementor-widget-container\">\n\t\t\t\t\t<div class=\"wd-text-block reset-last-child text-left\">\n\t\t\t\n\t\t\t<h3>Unsere Trockenfr\u00fcchte<\/h3><ul><li><strong>Rosinen <\/strong>Sultaninen,  goldene Rosinen, Schwarze Korinthen, Gr\u00fcne Rosinen, Rote Rosinen, Wei\u00dfe Rosinen, Gelbe Rosinen<\/li><li><strong>Orange<\/strong><\/li><li><strong>Datteln <\/strong>Kabkab, Khaseh, Mazafati, Piyarom, Rabbi, Sayer, Zahedi, Whole Unstoned, Whole Stoned, Diced, In Rice Flour, in Oat Flour, Paste<\/li><li><strong>Granatapfelkerne<\/strong><\/li><li><strong>Berberitzenbeeren<\/strong><\/li><\/ul>\n\t\t\t\t\t<\/div>\n\t\t\t\t<\/div>\n\t\t\t\t<\/div>\n\t\t\t\t<\/div>\n\t\t\t\t\t<\/div>\n\t\t\t\t<\/div>\n\t\t\t\t<\/div>","protected":false},"excerpt":{"rendered":"<p>DRIED FRUITS Paradise Plants Berlin can provide you with a variety of dried fruits. Paradise Plants Berlin offers a variety<\/p>","protected":false},"author":1,"featured_media":0,"parent":0,"menu_order":0,"comment_status":"closed","ping_status":"closed","template":"","meta":{"footnotes":""},"class_list":["post-8995","page","type-page","status-publish","hentry"],"_links":{"self":[{"href":"https:\/\/paradiseplantsberlin.de\/de\/wp-json\/wp\/v2\/pages\/8995","targetHints":{"allow":["GET"]}}],"collection":[{"href":"https:\/\/paradiseplantsberlin.de\/de\/wp-json\/wp\/v2\/pages"}],"about":[{"href":"https:\/\/paradiseplantsberlin.de\/de\/wp-json\/wp\/v2\/types\/page"}],"author":[{"embeddable":true,"href":"https:\/\/paradiseplantsberlin.de\/de\/wp-json\/wp\/v2\/users\/1"}],"replies":[{"embeddable":true,"href":"https:\/\/paradiseplantsberlin.de\/de\/wp-json\/wp\/v2\/comments?post=8995"}],"version-history":[{"count":16,"href":"https:\/\/paradiseplantsberlin.de\/de\/wp-json\/wp\/v2\/pages\/8995\/revisions"}],"predecessor-version":[{"id":9533,"href":"https:\/\/paradiseplantsberlin.de\/de\/wp-json\/wp\/v2\/pages\/8995\/revisions\/9533"}],"wp:attachment":[{"href":"https:\/\/paradiseplantsberlin.de\/de\/wp-json\/wp\/v2\/media?parent=8995"}],"curies":[{"name":"wp","href":"https:\/\/api.w.org\/{rel}","templated":true}]}}