{"id":9143,"date":"2024-02-13T20:42:30","date_gmt":"2024-02-13T20:42:30","guid":{"rendered":"https:\/\/paradiseplantsberlin.de\/?page_id=9143"},"modified":"2025-02-17T06:23:12","modified_gmt":"2025-02-17T06:23:12","slug":"natural-color-ingredients","status":"publish","type":"page","link":"https:\/\/paradiseplantsberlin.de\/de\/natural-color-ingredients\/","title":{"rendered":"NAT\u00dcRLICHE FARBZUTATEN"},"content":{"rendered":"<div data-elementor-type=\"wp-page\" data-elementor-id=\"9143\" class=\"elementor elementor-9143\" data-elementor-post-type=\"page\">\n\t\t\t\t<div class=\"elementor-element elementor-element-581f48c2 e-flex e-con-boxed e-con e-parent\" data-id=\"581f48c2\" data-element_type=\"container\" data-settings=\"{&quot;content_width&quot;:&quot;boxed&quot;}\" data-core-v316-plus=\"true\">\n\t\t\t\t\t<div class=\"e-con-inner\">\n\t\t<div class=\"elementor-element elementor-element-7c974dfc e-con-full e-flex e-con e-child\" data-id=\"7c974dfc\" data-element_type=\"container\" data-settings=\"{&quot;content_width&quot;:&quot;full&quot;}\">\n\t\t\t\t<div class=\"elementor-element elementor-element-c51c15a elementor-widget elementor-widget-wd_text_block\" data-id=\"c51c15a\" data-element_type=\"widget\" data-widget_type=\"wd_text_block.default\">\n\t\t\t\t<div class=\"elementor-widget-container\">\n\t\t\t\t\t\t<link rel=\"stylesheet\" id=\"wd-text-block-css\" href=\"https:\/\/paradiseplantsberlin.de\/wp-content\/themes\/woodmart\/css\/parts\/el-text-block.min.css?ver=7.0.4\" type=\"text\/css\" media=\"all\" \/> \t\t\t\t\t<div class=\"wd-text-block reset-last-child text-left\">\n\t\t\t\n\t\t\t<h3 class=\"text-transform-none font-weight-medium\">NAT\u00dcRLICHE FARBZUTATEN<\/h3><p><strong><em>F\u00fcr ein appetitliches Aussehen bieten wir Ihnen eine Bandbreite verschiedener nat\u00fcrlicher Farben.<\/em><\/strong><\/p><p>Von Alters her haben Menschen unterschiedliche Farben aus verschiedenen Pflanzen hergestellt und in verschiedenen Gebieten zur Anwendung gebracht. Es gibt zahlreiche Pflanzen, von denen sich nat\u00fcrliche Farben extrahieren bzw. mit ihnen herstellen lassen. Heute machen sich Menschen mehr denn je Gedanken um ihre Gesundheit, was dazu f\u00fchrt, dass auch in der Lebensmittelindustrie die Nachfrage der Kunden nach Lebensmitteln mit nat\u00fcrlichen Farbzutaten steigt. Zugleich ist die Farbgebung eines Lebensmittels ein signifikanter Faktor f\u00fcr das Endprodukt. Paradise Plants Berlin unterst\u00fctzt die wiederkehrende Hinwendung zu nat\u00fcrlichen Farbstoffquellen mit einem Angebot an Naturfarben f\u00fcr die Lebensmittelindustrie.<\/p>\n\t\t\t\t\t<\/div>\n\t\t\t\t<\/div>\n\t\t\t\t<\/div>\n\t\t\t\t<\/div>\n\t\t<div class=\"elementor-element elementor-element-783f56d4 e-con-full e-flex e-con e-child\" data-id=\"783f56d4\" data-element_type=\"container\" data-settings=\"{&quot;content_width&quot;:&quot;full&quot;}\">\n\t\t\t\t<div class=\"elementor-element elementor-element-5dc8e387 elementor-widget elementor-widget-wd_image_or_svg\" data-id=\"5dc8e387\" data-element_type=\"widget\" data-widget_type=\"wd_image_or_svg.default\">\n\t\t\t\t<div class=\"elementor-widget-container\">\n\t\t\t\n\t\t<div class=\"wd-image text-left\">\n\t\t\t\t\t\t\t\t<img fetchpriority=\"high\" decoding=\"async\" width=\"1728\" height=\"1152\" src=\"https:\/\/paradiseplantsberlin.de\/wp-content\/uploads\/2024\/02\/1609407791_64.webp\" class=\"attachment-full size-full wp-image-9150\" alt=\"NATURAL COLOR INGREDIENTS\" srcset=\"https:\/\/paradiseplantsberlin.de\/wp-content\/uploads\/2024\/02\/1609407791_64.webp 1728w, https:\/\/paradiseplantsberlin.de\/wp-content\/uploads\/2024\/02\/1609407791_64-400x267.webp 400w, https:\/\/paradiseplantsberlin.de\/wp-content\/uploads\/2024\/02\/1609407791_64-1200x800.webp 1200w, https:\/\/paradiseplantsberlin.de\/wp-content\/uploads\/2024\/02\/1609407791_64-768x512.webp 768w, https:\/\/paradiseplantsberlin.de\/wp-content\/uploads\/2024\/02\/1609407791_64-1536x1024.webp 1536w\" sizes=\"(max-width: 1728px) 100vw, 1728px\" \/>\t\t\t\t\t<\/div>\n\n\t\t\t\t<\/div>\n\t\t\t\t<\/div>\n\t\t\t\t<\/div>\n\t\t\t\t\t<\/div>\n\t\t\t\t<\/div>\n\t\t<div class=\"elementor-element elementor-element-4f66ef59 e-flex e-con-boxed e-con e-parent\" data-id=\"4f66ef59\" data-element_type=\"container\" data-settings=\"{&quot;content_width&quot;:&quot;boxed&quot;}\" data-core-v316-plus=\"true\">\n\t\t\t\t\t<div class=\"e-con-inner\">\n\t\t<div class=\"elementor-element elementor-element-6f2682b1 e-con-full e-flex e-con e-child\" data-id=\"6f2682b1\" data-element_type=\"container\" data-settings=\"{&quot;content_width&quot;:&quot;full&quot;}\">\n\t\t\t\t<div class=\"elementor-element elementor-element-6ef8ab38 elementor-widget elementor-widget-wd_image_or_svg\" data-id=\"6ef8ab38\" data-element_type=\"widget\" data-widget_type=\"wd_image_or_svg.default\">\n\t\t\t\t<div class=\"elementor-widget-container\">\n\t\t\t\n\t\t<div class=\"wd-image text-left\">\n\t\t\t\t\t\t\t\t<img decoding=\"async\" width=\"1667\" height=\"1075\" src=\"https:\/\/paradiseplantsberlin.de\/wp-content\/uploads\/2024\/02\/1609407810_66.webp\" class=\"attachment-full size-full wp-image-9155\" alt=\"\" srcset=\"https:\/\/paradiseplantsberlin.de\/wp-content\/uploads\/2024\/02\/1609407810_66.webp 1667w, https:\/\/paradiseplantsberlin.de\/wp-content\/uploads\/2024\/02\/1609407810_66-400x258.webp 400w, https:\/\/paradiseplantsberlin.de\/wp-content\/uploads\/2024\/02\/1609407810_66-1241x800.webp 1241w, https:\/\/paradiseplantsberlin.de\/wp-content\/uploads\/2024\/02\/1609407810_66-768x495.webp 768w, https:\/\/paradiseplantsberlin.de\/wp-content\/uploads\/2024\/02\/1609407810_66-1536x991.webp 1536w\" sizes=\"(max-width: 1667px) 100vw, 1667px\" \/>\t\t\t\t\t<\/div>\n\n\t\t\t\t<\/div>\n\t\t\t\t<\/div>\n\t\t\t\t<\/div>\n\t\t<div class=\"elementor-element elementor-element-e1f3819 e-con-full e-flex e-con e-child\" data-id=\"e1f3819\" data-element_type=\"container\" data-settings=\"{&quot;content_width&quot;:&quot;full&quot;}\">\n\t\t\t\t<div class=\"elementor-element elementor-element-4ed73bdb elementor-widget elementor-widget-wd_text_block\" data-id=\"4ed73bdb\" data-element_type=\"widget\" data-widget_type=\"wd_text_block.default\">\n\t\t\t\t<div class=\"elementor-widget-container\">\n\t\t\t\t\t<div class=\"wd-text-block reset-last-child text-left\">\n\t\t\t\n\t\t\t<h3 class=\"Standard\" style=\"margin-top: 0in; text-align: justify; line-height: normal;\"><b><span lang=\"DE\" style=\"font-size: 11.0pt; color: background: white;\">UNSERE NAT\u00dcRLICHEN FARBZUTATEN<\/span><\/b><\/h3><ul><li>Granatapfelschale<\/li><li>Krappwurzel<\/li><\/ul>\n\t\t\t\t\t<\/div>\n\t\t\t\t<\/div>\n\t\t\t\t<\/div>\n\t\t\t\t<\/div>\n\t\t\t\t\t<\/div>\n\t\t\t\t<\/div>\n\t\t<div class=\"elementor-element elementor-element-61d6b29b e-flex e-con-boxed e-con e-parent\" data-id=\"61d6b29b\" data-element_type=\"container\" data-settings=\"{&quot;content_width&quot;:&quot;boxed&quot;}\" data-core-v316-plus=\"true\">\n\t\t\t\t\t<div class=\"e-con-inner\">\n\t\t<div class=\"elementor-element elementor-element-70ffce6c e-con-full e-flex e-con e-child\" data-id=\"70ffce6c\" data-element_type=\"container\" data-settings=\"{&quot;content_width&quot;:&quot;full&quot;}\">\n\t\t\t\t<div class=\"elementor-element elementor-element-584073f8 elementor-widget elementor-widget-wd_text_block\" data-id=\"584073f8\" data-element_type=\"widget\" data-widget_type=\"wd_text_block.default\">\n\t\t\t\t<div class=\"elementor-widget-container\">\n\t\t\t\t\t<div class=\"wd-text-block reset-last-child text-left\">\n\t\t\t\n\t\t\t<h3 class=\"text-transform-none font-weight-medium\">HENNA<\/h3><p>Aus den getrockneten und zermahlenen Bl\u00e4ttern des Hennastrauchs, auch bekannt als Lawsonia alba LAM, wird der r\u00f6tlich-braune bis orangefarbene Farbstoff Henna gewonnen. Die Pflanze ist ein duftender Strauch mit gr\u00fcnlich-wei\u00dfen Bl\u00fcten. Seit dem Altertum wird Henna zum F\u00e4rben von Haaren, Finger- und Fu\u00dfn\u00e4geln oder Bemalen von H\u00e4nden und F\u00fc\u00dfen verwendet. Auch in der Anfertigung antiker Wandgem\u00e4lde kam Henna h\u00e4ufig zur Anwendung. Und nach wie vor sichert sich Henna einen Rang als eine der nat\u00fcrlichsten Farben.<\/p><p>Doch auch in der Medizin wurde Henna eingesetzt. In der traditionellen Heilkunst wurde Henna den Aufzeichnungen zufolge vor allem f\u00fcr \u00e4u\u00dferliche Anwendungen verwendet. Der griechische Arzt Dioskurides, der in der Zeit des Kaisers Nero praktizierte, war der wahrscheinlich Erste, der Henna in der Heilkunst anwandte. Er postulierte die Wirksamkeit von Henna im Kurieren von Geschw\u00fcre im Mund sowie, in Form von Umschl\u00e4gen, von \u00e4u\u00dferlichen Entz\u00fcndungen der Haut und, als Sud, von Hautverbrennungen. Zur Bek\u00e4mpfung von Kopfschmerzen kann man eine Mixtur aus zermahlenen Hennabl\u00fcten und Essig auf die Stirn auftragen.<\/p>\n\t\t\t\t\t<\/div>\n\t\t\t\t<\/div>\n\t\t\t\t<\/div>\n\t\t\t\t<\/div>\n\t\t<div class=\"elementor-element elementor-element-7dffda6b e-con-full e-flex e-con e-child\" data-id=\"7dffda6b\" data-element_type=\"container\" data-settings=\"{&quot;content_width&quot;:&quot;full&quot;}\">\n\t\t\t\t<div class=\"elementor-element elementor-element-a404015 elementor-widget elementor-widget-wd_image_or_svg\" data-id=\"a404015\" data-element_type=\"widget\" data-widget_type=\"wd_image_or_svg.default\">\n\t\t\t\t<div class=\"elementor-widget-container\">\n\t\t\t\n\t\t<div class=\"wd-image text-left\">\n\t\t\t\t\t\t\t\t<img decoding=\"async\" width=\"1600\" height=\"800\" src=\"https:\/\/paradiseplantsberlin.de\/wp-content\/uploads\/2024\/02\/1609407859_1341.webp\" class=\"attachment-full size-full wp-image-9160\" alt=\"\" srcset=\"https:\/\/paradiseplantsberlin.de\/wp-content\/uploads\/2024\/02\/1609407859_1341.webp 1600w, https:\/\/paradiseplantsberlin.de\/wp-content\/uploads\/2024\/02\/1609407859_1341-400x200.webp 400w, https:\/\/paradiseplantsberlin.de\/wp-content\/uploads\/2024\/02\/1609407859_1341-1300x650.webp 1300w, https:\/\/paradiseplantsberlin.de\/wp-content\/uploads\/2024\/02\/1609407859_1341-768x384.webp 768w, https:\/\/paradiseplantsberlin.de\/wp-content\/uploads\/2024\/02\/1609407859_1341-1536x768.webp 1536w\" sizes=\"(max-width: 1600px) 100vw, 1600px\" \/>\t\t\t\t\t<\/div>\n\n\t\t\t\t<\/div>\n\t\t\t\t<\/div>\n\t\t\t\t<\/div>\n\t\t\t\t\t<\/div>\n\t\t\t\t<\/div>\n\t\t\t\t<\/div>","protected":false},"excerpt":{"rendered":"<p>NATURAL COLOR INGREDIENTS For a tasty look, we offer a variety of natural colors. From ancient times people have extracted<\/p>","protected":false},"author":1,"featured_media":0,"parent":0,"menu_order":0,"comment_status":"closed","ping_status":"closed","template":"","meta":{"footnotes":""},"class_list":["post-9143","page","type-page","status-publish","hentry"],"_links":{"self":[{"href":"https:\/\/paradiseplantsberlin.de\/de\/wp-json\/wp\/v2\/pages\/9143","targetHints":{"allow":["GET"]}}],"collection":[{"href":"https:\/\/paradiseplantsberlin.de\/de\/wp-json\/wp\/v2\/pages"}],"about":[{"href":"https:\/\/paradiseplantsberlin.de\/de\/wp-json\/wp\/v2\/types\/page"}],"author":[{"embeddable":true,"href":"https:\/\/paradiseplantsberlin.de\/de\/wp-json\/wp\/v2\/users\/1"}],"replies":[{"embeddable":true,"href":"https:\/\/paradiseplantsberlin.de\/de\/wp-json\/wp\/v2\/comments?post=9143"}],"version-history":[{"count":13,"href":"https:\/\/paradiseplantsberlin.de\/de\/wp-json\/wp\/v2\/pages\/9143\/revisions"}],"predecessor-version":[{"id":9536,"href":"https:\/\/paradiseplantsberlin.de\/de\/wp-json\/wp\/v2\/pages\/9143\/revisions\/9536"}],"wp:attachment":[{"href":"https:\/\/paradiseplantsberlin.de\/de\/wp-json\/wp\/v2\/media?parent=9143"}],"curies":[{"name":"wp","href":"https:\/\/api.w.org\/{rel}","templated":true}]}}